{"id":865,"date":"2016-01-19T20:44:44","date_gmt":"2016-01-19T19:44:44","guid":{"rendered":"http:\/\/simlog.com\/fr\/product\/%e2%80%8b%e2%80%8bwheeled-material-handler-personal-simulator\/"},"modified":"2025-01-20T13:26:22","modified_gmt":"2025-01-20T18:26:22","slug":"simulateur-personnel-pelle-manutention","status":"publish","type":"product","link":"https:\/\/www.simlog.com\/fr\/produit\/simulateur-personnel-pelle-manutention\/","title":{"rendered":"Simulateur personnel de pelle de manutention"},"content":{"rendered":"<p>Le simulateur personnel de pelle de manutention vous met aux commandes d&#8217;une pelle de manutention sur pneus munie d&#8217;un m\u00e2t articul\u00e9 avec grappin \u00e0 quatre doigts, d&#8217;une cabine qui s&#8217;\u00e9l\u00e8ve et des stabilisateurs.<\/p>\n<p>Un grand nombre de mises en situation sont pr\u00e9sent\u00e9es, afin de pouvoir soutenir des pratiques d&#8217;op\u00e9ration dans des cours de manutention de d\u00e9chets m\u00e9talliques (\u00ab parcs de ferraille \u00bb). De plus, il y a plusieurs moyens pour changer le point de vue pendant la simulation \u00e0 l&#8217;aide des touches du clavier et de la souris.<\/p>\n<p>Disposez du mat\u00e9riel informatique selon nos exigences, ou demandez \u00e0 Simlog de vous procurer et pr\u00e9parer un ordinateur convenable avec le logiciel install\u00e9, activ\u00e9 et test\u00e9 de commande pour les mains et les pieds, installez le logiciel (en fran\u00e7ais ou anglais).<\/p>\n<div id=\"spoon-plugin-kncgbdglledmjmpnikebkagnchfdehbm-2\" style=\"display: none;\"><\/div>\n","protected":false},"featured_media":2790,"template":"","class_list":["post-865","product","type-product","status-publish","has-post-thumbnail","hentry","product_cat-tous","product_cat-manutention"],"_links":{"self":[{"href":"https:\/\/www.simlog.com\/fr\/wp-json\/wp\/v2\/product\/865","targetHints":{"allow":["GET"]}}],"collection":[{"href":"https:\/\/www.simlog.com\/fr\/wp-json\/wp\/v2\/product"}],"about":[{"href":"https:\/\/www.simlog.com\/fr\/wp-json\/wp\/v2\/types\/product"}],"wp:featuredmedia":[{"embeddable":true,"href":"https:\/\/www.simlog.com\/fr\/wp-json\/wp\/v2\/media\/2790"}],"wp:attachment":[{"href":"https:\/\/www.simlog.com\/fr\/wp-json\/wp\/v2\/media?parent=865"}],"curies":[{"name":"wp","href":"https:\/\/api.w.org\/{rel}","templated":true}]}}