{"id":856,"date":"2021-01-21T15:52:26","date_gmt":"2021-01-21T20:52:26","guid":{"rendered":"http:\/\/simlog.com\/fr\/product\/%e2%80%8bwheel-loader-personal-simulator\/"},"modified":"2025-01-20T13:21:25","modified_gmt":"2025-01-20T18:21:25","slug":"simulateur-personnel-chargeuse-pneus","status":"publish","type":"product","link":"https:\/\/www.simlog.com\/fr\/produit\/simulateur-personnel-chargeuse-pneus\/","title":{"rendered":"Simulateur personnel de chargeuse sur pneus"},"content":{"rendered":"<p>Le <strong>Simulateur personnel de Chargeuse sur pneus <\/strong>vous met aux commandes d&#8217;une chargeuse sur pneus (parfois appel\u00e9e \u00ab\u00a0chargeur\u00a0\u00bb ou \u00ab\u00a0chargeur articul\u00e9\u00a0\u00bb) munie d\u2019un godet pour le travail avec un camion \u00e0 benne, ou des fourches pour le travail avec un camion \u00e0 plateau dans un chantier virtuel. La version 2 pr\u00e9sente \u00e9galement un nouvel environnement pour simuler l\u2019aire de chargement\/d\u00e9chargement d\u2019un entrep\u00f4t ou usine.<\/p>\n<p>Certains param\u00e8tres permettent de configurer jusqu\u2019\u00e0 quatre \u00e9crans, trois en avant pour cr\u00e9er un champ de vision \u00ab panoramique \u00bb \u00e0 180 degr\u00e9s et un quatri\u00e8me \u00e9cran \u00e0 l\u2019arri\u00e8re.<\/p>\n<p>De plus, la version 2 offre un nouveau <em>Syst\u00e8me de cam\u00e9ra arri\u00e8re <\/em>qui se trouve de plus en plus fr\u00e9quemment dans la cabine de vraies chargeuses sur pneus.<\/p>\n<p>Finalement, on retient de la version 1 des param\u00e8tres de configuration pour le guidage \u00e0 levier ou \u00e0 volant, afin de reproduire les interfaces de commande des engins de toute taille.<\/p>\n<p>Et exclusivement chez Simlog, tout ce dont vous avez besoin c\u2019est d\u2019un PC! Utilisez <a target=\"_blank\" href=\"https:\/\/www.simlog.com\/fr\/support\/utiliser-votre-pc\/\" rel=\"noopener\">votre propre ordinateur<\/a> ou choisissez la commodit\u00e9 d\u2019<a target=\"_blank\" href=\"https:\/\/www.simlog.com\/fr\/support\/pc-de-simlog\/\" rel=\"noopener\">un PC fourni par Simlog<\/a> avec le logiciel d\u00e9j\u00e0 install\u00e9, activ\u00e9 et pr\u00eat \u00e0 \u00eatre utilis\u00e9.<\/p>\n<div id=\"spoon-plugin-kncgbdglledmjmpnikebkagnchfdehbm-2\" style=\"display: none;\"><\/div>\n","protected":false},"featured_media":6823,"template":"","class_list":["post-856","product","type-product","status-publish","has-post-thumbnail","hentry","product_cat-tous","product_cat-construction-fr","product_cat-manutention","product_cat-miniere"],"_links":{"self":[{"href":"https:\/\/www.simlog.com\/fr\/wp-json\/wp\/v2\/product\/856","targetHints":{"allow":["GET"]}}],"collection":[{"href":"https:\/\/www.simlog.com\/fr\/wp-json\/wp\/v2\/product"}],"about":[{"href":"https:\/\/www.simlog.com\/fr\/wp-json\/wp\/v2\/types\/product"}],"wp:featuredmedia":[{"embeddable":true,"href":"https:\/\/www.simlog.com\/fr\/wp-json\/wp\/v2\/media\/6823"}],"wp:attachment":[{"href":"https:\/\/www.simlog.com\/fr\/wp-json\/wp\/v2\/media?parent=856"}],"curies":[{"name":"wp","href":"https:\/\/api.w.org\/{rel}","templated":true}]}}