{"id":5981,"date":"2020-05-19T09:38:48","date_gmt":"2020-05-19T13:38:48","guid":{"rendered":"https:\/\/www.simlog.com\/?post_type=product&#038;p=5981"},"modified":"2023-07-28T11:06:13","modified_gmt":"2023-07-28T15:06:13","slug":"simulateur-personnel-chargeuse-compacte","status":"publish","type":"product","link":"https:\/\/www.simlog.com\/fr\/produit\/simulateur-personnel-chargeuse-compacte\/","title":{"rendered":"Simulateur personnel de Chargeuse-compacte"},"content":{"rendered":"\r\n<p>La chargeuse-compacte, \u00e9galement appel\u00e9e\u00a0chargeur-compacte, chargeuse \u00e0 direction \u00e0 glissement, et mini-chargeuse sur pneus (en anglais, skid steer loader) est un petit engin polyvalent \u00e0 quatre roues motrices muni de bras de levage auxquels on fixe une gamme d\u2019outils, notamment un godet (une benne) ou des fourches, pour ex\u00e9cuter des t\u00e2ches diff\u00e9rentes en construction et en manutention.<\/p>\r\n\r\n\r\n\r\n<p>Par ailleurs, sa petite taille et son interface de commande simple font en sorte que la chargeuse-compacte est souvent le <em>premier<\/em> engin vis\u00e9 par la formation d\u2019op\u00e9rateurs.<\/p>\r\n\r\n\r\n\r\n<p>Cependant, les caract\u00e9ristiques qui rendent la chargeuse-compacte si efficace peuvent \u00e9galement occasionner des risques accrus d\u2019accident et de blessures, notamment \u00e0 la suite de renversements lors de la surcharge de l\u2019outil, des bras de levage trop soulev\u00e9s, etc. surtout lors de la conduite sur les pentes. Voici un tout nouveau Simulateur personnel \u00e0 la rescousse!<\/p>\r\n\r\n\r\n\r\n<p>Notre <strong>Simulateur personnel de Chargeuse-compacte,<\/strong><em>le premier au monde<\/em>, vous met aux commandes d&#8217;une chargeuse-compacte munie d\u2019un godet ou des fourches au travail dans un chantier virtuel.<\/p>\r\n\r\n\r\n\r\n<p>Il y a trois configurations pour l\u2019interface de commande (ISO, H-Pattern, Standard avec p\u00e9dales) pour reprendre l\u2019essentiel des \u00e9l\u00e9ments dans la cabine de la plupart des (vraies) chargeuses-compactes.<\/p>\r\n\r\n\r\n\r\n<p>Des param\u00e8tres de configuration logicielle permettent de choisir les couleurs du mod\u00e8le 3D, une des deux configurations du bras de levage (verticale ou radiale) et un des deux godets (\u00e0 dent ou lame droite). Par ailleurs, comme des syst\u00e8mes de cam\u00e9ra arri\u00e8re sont de plus en plus pr\u00e9sents pour des raisons de s\u00e9curit\u00e9, nous avons ajout\u00e9 la simulation d\u2019un <em>Syst\u00e8me de cam\u00e9ra arri\u00e8re<\/em> au logiciel.\u00a0<\/p>\r\n\r\n\r\n\r\n<p>D\u2019autres param\u00e8tres permettent de configurer un seul \u00e9cran lorsque l\u2019espace est limit\u00e9, trois \u00e9crans pour cr\u00e9er un champ de vision \u00ab panoramique \u00bb \u00e0 180 degr\u00e9s, ou trois \u00e9crans c\u00f4te \u00e0 c\u00f4te dispos\u00e9s sur une table devant et un quatri\u00e8me \u00e9cran dispos\u00e9 sur une table derri\u00e8re.<\/p>\r\n\r\n\r\n\r\n<p>Et exclusivement chez Simlog, tout ce dont vous avez besoin c\u2019est d\u2019un PC! Utilisez votre propre ordinateur ou choisissez la commodit\u00e9 d\u2019un PC fourni par Simlog avec le logiciel d\u00e9j\u00e0 install\u00e9, activ\u00e9 et pr\u00eat \u00e0 \u00eatre utilis\u00e9.<\/p>\r\n","protected":false},"featured_media":6019,"template":"","class_list":["post-5981","product","type-product","status-publish","has-post-thumbnail","hentry","product_cat-tous","product_cat-construction-fr","product_cat-manutention"],"_links":{"self":[{"href":"https:\/\/www.simlog.com\/fr\/wp-json\/wp\/v2\/product\/5981","targetHints":{"allow":["GET"]}}],"collection":[{"href":"https:\/\/www.simlog.com\/fr\/wp-json\/wp\/v2\/product"}],"about":[{"href":"https:\/\/www.simlog.com\/fr\/wp-json\/wp\/v2\/types\/product"}],"wp:featuredmedia":[{"embeddable":true,"href":"https:\/\/www.simlog.com\/fr\/wp-json\/wp\/v2\/media\/6019"}],"wp:attachment":[{"href":"https:\/\/www.simlog.com\/fr\/wp-json\/wp\/v2\/media?parent=5981"}],"curies":[{"name":"wp","href":"https:\/\/api.w.org\/{rel}","templated":true}]}}