{"id":3941,"date":"2017-05-31T10:59:56","date_gmt":"2017-05-31T14:59:56","guid":{"rendered":"http:\/\/www.simlog.com\/?post_type=product&#038;p=3941\/"},"modified":"2025-01-20T13:22:26","modified_gmt":"2025-01-20T18:22:26","slug":"simulateur-personnel-chargeuse-pelleteuse","status":"publish","type":"product","link":"https:\/\/www.simlog.com\/fr\/produit\/simulateur-personnel-chargeuse-pelleteuse\/","title":{"rendered":"Simulateur personnel de chargeuse-pelleteuse"},"content":{"rendered":"<p>Le <strong>Simulateur personnel de chargeuse-pelleteuse<\/strong> vous met aux commandes d&#8217;une chargeuse-pelleteuse (aussi appel\u00e9e \u00ab chargeuse-r\u00e9trocaveuse \u00bb, \u00ab r\u00e9trocaveuse \u00bb, \u00ab tractopelle \u00bb ou \u00ab p\u00e9pine \u00bb), dans un chantier virtuel.<\/p>\n<p>L&#8217;efficacit\u00e9 de la formation est assur\u00e9e gr\u00e2ce \u00e0 une conception p\u00e9dagogique modulaire qui permet aux \u00e9l\u00e8ves d\u2019acqu\u00e9rir des comp\u00e9tences r\u00e9elles pour des op\u00e9rations productives et s\u00e9curitaires sur le terrain.<br \/>\nLes param\u00e8tres de configuration permettent aux instructeurs de modifier la mod\u00e9lisation 3D en s\u00e9lectionnant l&#8217;une des cinq combinaisons de couleurs possibles, et r\u00e9gler le nombre de cylindres du bras de levage (un ou deux). Cette flexibilit\u00e9 permet que la chargeuse-pelleteuse simul\u00e9e ressemble \u00e0 l&#8217;\u00e9quipement vendu par tous les principaux OEM.<\/p>\n<p>D&#8217;autres param\u00e8tres permettent de configurer un seul \u00e9cran o\u00f9 l&#8217;espace est limit\u00e9, ou trois \u00e9crans pour cr\u00e9er un plus ample champ de vision. Aussi, unique \u00e0 Simlog, un \u00e9cran arri\u00e8re peut \u00eatre ajout\u00e9 pour apprendre aux nouveaux op\u00e9rateurs \u00e0 tourner la t\u00eate lors de la conduite en marche arri\u00e8re.<\/p>\n<p>Et exclusivement chez Simlog, tout ce dont vous avez besoin c&#8217;est d\u2019un PC! Utilisez votre propre ordinateur ou choisissez la commodit\u00e9 d\u2019un PC fourni par Simlog avec le logiciel d\u00e9j\u00e0 install\u00e9, sous licence et pr\u00eat \u00e0 \u00eatre utilis\u00e9 en anglais, fran\u00e7ais, espagnol ou portugais.<\/p>\n","protected":false},"featured_media":3943,"template":"","class_list":["post-3941","product","type-product","status-publish","has-post-thumbnail","hentry","product_cat-tous","product_cat-construction-fr"],"_links":{"self":[{"href":"https:\/\/www.simlog.com\/fr\/wp-json\/wp\/v2\/product\/3941","targetHints":{"allow":["GET"]}}],"collection":[{"href":"https:\/\/www.simlog.com\/fr\/wp-json\/wp\/v2\/product"}],"about":[{"href":"https:\/\/www.simlog.com\/fr\/wp-json\/wp\/v2\/types\/product"}],"wp:featuredmedia":[{"embeddable":true,"href":"https:\/\/www.simlog.com\/fr\/wp-json\/wp\/v2\/media\/3943"}],"wp:attachment":[{"href":"https:\/\/www.simlog.com\/fr\/wp-json\/wp\/v2\/media?parent=3941"}],"curies":[{"name":"wp","href":"https:\/\/api.w.org\/{rel}","templated":true}]}}