{"id":422,"date":"2016-01-28T19:20:53","date_gmt":"2016-01-29T00:20:53","guid":{"rendered":"http:\/\/simlog.com\/fr\/support\/faq\/"},"modified":"2021-09-29T10:36:28","modified_gmt":"2021-09-29T14:36:28","slug":"faq","status":"publish","type":"page","link":"https:\/\/www.simlog.com\/fr\/support\/faq\/","title":{"rendered":"Foire aux questions"},"content":{"rendered":"<p>Voici les questions les plus fr\u00e9quemment pos\u00e9es par les visiteurs \u00e0 notre site Web, ainsi que les r\u00e9ponses correspondantes.<br \/>\nToutefois, pour en savoir plus, il suffit de nous contacter.<\/p>\n<h4>Est-ce que je pourrais utiliser les logiciels Simlog \u00e0 partir de mon navigateur Web ?<\/h4>\n<p>Non. Il faut que nos logiciels soient install\u00e9s &#8220;localement&#8221; sur l&#8217;ordinateur qui est muni de votre interface de commande. C&#8217;est seulement ainsi qu&#8217;un geste sur manette sera pris en compte suffisamment rapidement pour pouvoir afficher les cons\u00e9quents du geste \u00e0 l&#8217;\u00e9cran &#8220;en temps r\u00e9el&#8221;.<\/p>\n<h4>Est-ce que je pourrais utiliser la m\u00eame licence logicielle pour plusieurs ordinateurs ?<\/h4>\n<p>Non. Chez Simlog, la licence logicielle est &#8220;par PC&#8221;. Pour en savoir plus, veuillez vous r\u00e9f\u00e9rer \u00e0 nos d\u00e9tails.<\/p>\n<h4>Est-ce que deux personnes pourraient travailler ensemble \u00e0 partir de deux ordinateurs munis des logiciels Simlog ?<\/h4>\n<p>Non. La conduite des \u00e9quipements lourds est largement &#8220;solitaire&#8221;, i.e. l&#8217;op\u00e9rateur a peu ou pas d&#8217;interaction avec d&#8217;autres engins. Toutefois, quand l&#8217;interaction fait partie de la conduite, mieux vaut qu&#8217;un \u00e9l\u00e8ve apprenne aux cot\u00e9s d&#8217;un op\u00e9rateur exp\u00e9riment\u00e9 et non un autre \u00e9l\u00e8ve. Par cons\u00e9quent, certains de nos logiciels int\u00e8grent un expert simul\u00e9 aux commandes de l&#8217;autre engin tel qu&#8217;un camion minier au logiciel de simulation de la pelle \u00e0 c\u00e2bles. Ainsi, chaque \u00e9l\u00e8ve apprend ce qu&#8217;il faut faire, d\u00e8s le d\u00e9but, sans se soucier de la comp\u00e9tence ou encore de la disponibilit\u00e9 d&#8217;un autre \u00e9l\u00e8ve (aux commandes de l&#8217;autre engin).<\/p>\n<h4>J&#8217;aimerais devenir op\u00e9rateur. Y a-t-il un prix &#8220;maison&#8221; pour les licences logicielles ?<\/h4>\n<p>Non. Simlog n&#8217;offre pas de version &#8220;maison&#8221; de nos logiciels et par cons\u00e9quent, il n&#8217;existe pas de prix &#8220;maison&#8221;. Comme il faut de toute fa\u00e7on passer sur le terrain pour compl\u00e9ter votre formation \u00e0 bord des vrais engins, vous ferez bien de vous adresser \u00e0 un centre de formation professionnelle.<\/p>\n<h4>Je ne suis pas int\u00e9ress\u00e9 par la formation professionnelle. Avez-vous des produits pour le divertissement?<\/h4>\n<p>Non. Chez Simlog, il n&#8217;y a que des produits de soutien \u00e0 la formation professionnelle. Si vous voulez tout simplement apprendre davantage sur les engins de chantier, les grues, les engins de terrassement, etc. il existe un site Web (en anglais) tr\u00e8s complet : <a href=\"http:\/\/www.howstuffworks.com\/\" target=\"_blank\" rel=\"noopener noreferrer\">How Stuff Works<\/a>.<\/p>\n<p>Toujours des questions ? Alors contacter Simlog!<\/p>\n","protected":false},"excerpt":{"rendered":"<p>Voici les questions les plus fr\u00e9quemment pos\u00e9es par les visiteurs \u00e0 notre site Web, ainsi que les r\u00e9ponses correspondantes. Toutefois, pour en savoir plus, il suffit de nous contacter. Est-ce que je pourrais utiliser les logiciels Simlog \u00e0 partir de mon navigateur Web ? Non. Il faut que nos logiciels soient install\u00e9s &#8220;localement&#8221; sur l&#8217;ordinateur &hellip; <a href=\"https:\/\/www.simlog.com\/fr\/support\/faq\/\">Continued<\/a><\/p>\n","protected":false},"author":1,"featured_media":0,"parent":418,"menu_order":6,"comment_status":"closed","ping_status":"closed","template":"","meta":{"_monsterinsights_skip_tracking":false,"_monsterinsights_sitenote_active":false,"_monsterinsights_sitenote_note":"","_monsterinsights_sitenote_category":0,"footnotes":""},"class_list":["post-422","page","type-page","status-publish","hentry"],"_links":{"self":[{"href":"https:\/\/www.simlog.com\/fr\/wp-json\/wp\/v2\/pages\/422","targetHints":{"allow":["GET"]}}],"collection":[{"href":"https:\/\/www.simlog.com\/fr\/wp-json\/wp\/v2\/pages"}],"about":[{"href":"https:\/\/www.simlog.com\/fr\/wp-json\/wp\/v2\/types\/page"}],"author":[{"embeddable":true,"href":"https:\/\/www.simlog.com\/fr\/wp-json\/wp\/v2\/users\/1"}],"replies":[{"embeddable":true,"href":"https:\/\/www.simlog.com\/fr\/wp-json\/wp\/v2\/comments?post=422"}],"version-history":[{"count":4,"href":"https:\/\/www.simlog.com\/fr\/wp-json\/wp\/v2\/pages\/422\/revisions"}],"predecessor-version":[{"id":4187,"href":"https:\/\/www.simlog.com\/fr\/wp-json\/wp\/v2\/pages\/422\/revisions\/4187"}],"up":[{"embeddable":true,"href":"https:\/\/www.simlog.com\/fr\/wp-json\/wp\/v2\/pages\/418"}],"wp:attachment":[{"href":"https:\/\/www.simlog.com\/fr\/wp-json\/wp\/v2\/media?parent=422"}],"curies":[{"name":"wp","href":"https:\/\/api.w.org\/{rel}","templated":true}]}}