{"id":414,"date":"2016-01-18T20:44:31","date_gmt":"2016-01-18T19:44:31","guid":{"rendered":"http:\/\/simlog.com\/fr\/why-choose-simlog\/"},"modified":"2021-09-29T10:36:27","modified_gmt":"2021-09-29T14:36:27","slug":"pourquoi-choisir-simlog","status":"publish","type":"page","link":"https:\/\/www.simlog.com\/fr\/pourquoi-choisir-simlog\/","title":{"rendered":"Pourquoi choisir Simlog?"},"content":{"rendered":"<p><img loading=\"lazy\" decoding=\"async\" class=\"wp-image-6376  alignright\" src=\"https:\/\/www.simlog.com\/wp-content\/uploads\/2020\/10\/img-banniere-03-300x299.png\" alt=\"\" width=\"229\" height=\"228\" \/>Chez Simlog, nos produits vous proposent un cadre p\u00e9dagogique unique, \u00e9labor\u00e9 avec les \u00e9quipementiers, leurs concessionnaires et surtout les professionnels du milieu de la formation professionnelle afin que les bonnes taches soient simul\u00e9es et que le travail simul\u00e9 soit \u00e9valu\u00e9 de la bonne fa\u00e7on. Voici les raisons pour lesquelles vous devez choisir nos produits Simlog :<\/p>\n<ul>\n<li>Un <strong>cadre p\u00e9dagogique<\/strong> qui se base sur les efforts des organismes normalisateurs suivants\u00a0: International Organization for Standardization (ISO); National Commission for the Certification of Crane Operators (NCCCO); National Center for Construction Education and Research\u00a0(NCCER).<\/li>\n<li><strong>Des modules de simulation \u00a0de difficult\u00e9 grandissante<\/strong>\u00a0 qui vous permettent d\u2019apprendre \u00e9tape par \u00e9tape,\u00a0 de l\u2019apprentissage de l\u2019interface de commande \u00e0 la simulation compl\u00e8te\u00a0 du travail sur le terrain.<\/li>\n<li><strong>L\u2019\u00e9valuation automatique<\/strong> de la conduite simul\u00e9e qui permet \u00e0 l\u2019\u00e9l\u00e8ve de travailler et de progresser \u00e0 son propre rythme sans supervision.<\/li>\n<li>Un <strong>cadre p\u00e9dagogique flexible.<\/strong> \u00a0Les nouveaux op\u00e9rateurs \u00a0apprennent \u00e0 maitriser les techniques de conduite\u00a0 en se familiarisant avec des modules de simulation de difficult\u00e9 grandissante et les op\u00e9rateurs plus exp\u00e9riment\u00e9s\u00a0 peuvent choisir selon leur niveau de comp\u00e9tence de travailler sur des modules plus avanc\u00e9s.<\/li>\n<li>Avec bien des <strong>options de mise en route<\/strong>, il y a de nombreuses configurations pour tous les budgets, allant de simples configurations de tables \u00e0 des si\u00e8ges d\u2019op\u00e9rateurs \u00a0offrant une exp\u00e9rience de simulation sup\u00e9rieure.<\/li>\n<li>Des <strong>\u00e9l\u00e9ments de commande multi-fonctionnels<\/strong> , compatibles USB et g\u00e9n\u00e9riques. Ainsi, les m\u00eames leviers, manettes, p\u00e9dales et volants peuvent servir aux logiciels de simulation<\/li>\n<li><strong>Aucun frais annuel<\/strong> de maintenance car lorsque vous achetez \u00a0la licence logicielle, vous ne payez qu\u2019une seule fois<\/li>\n<li>Simlog est <strong>chef de file<\/strong> en mati\u00e8re de simulation de soutien \u00e0\u00a0 la formation d\u2019op\u00e9rateurs d\u2019\u00e9quipements lourds pour les industries foresti\u00e8re, mini\u00e8re, de construction et de manutention.<\/li>\n<\/ul>\n<p>Questions? Veuillez consultez contacter Simlog!<\/p>\n","protected":false},"excerpt":{"rendered":"<p>Chez Simlog, nos produits vous proposent un cadre p\u00e9dagogique unique, \u00e9labor\u00e9 avec les \u00e9quipementiers, leurs concessionnaires et surtout les professionnels du milieu de la formation professionnelle afin que les bonnes taches soient simul\u00e9es et que le travail simul\u00e9 soit \u00e9valu\u00e9 de la bonne fa\u00e7on. Voici les raisons pour lesquelles vous devez choisir nos produits Simlog &hellip; <a href=\"https:\/\/www.simlog.com\/fr\/pourquoi-choisir-simlog\/\">Continued<\/a><\/p>\n","protected":false},"author":1,"featured_media":0,"parent":0,"menu_order":32,"comment_status":"closed","ping_status":"closed","template":"","meta":{"_monsterinsights_skip_tracking":false,"_monsterinsights_sitenote_active":false,"_monsterinsights_sitenote_note":"","_monsterinsights_sitenote_category":0,"footnotes":""},"class_list":["post-414","page","type-page","status-publish","hentry"],"_links":{"self":[{"href":"https:\/\/www.simlog.com\/fr\/wp-json\/wp\/v2\/pages\/414","targetHints":{"allow":["GET"]}}],"collection":[{"href":"https:\/\/www.simlog.com\/fr\/wp-json\/wp\/v2\/pages"}],"about":[{"href":"https:\/\/www.simlog.com\/fr\/wp-json\/wp\/v2\/types\/page"}],"author":[{"embeddable":true,"href":"https:\/\/www.simlog.com\/fr\/wp-json\/wp\/v2\/users\/1"}],"replies":[{"embeddable":true,"href":"https:\/\/www.simlog.com\/fr\/wp-json\/wp\/v2\/comments?post=414"}],"version-history":[{"count":2,"href":"https:\/\/www.simlog.com\/fr\/wp-json\/wp\/v2\/pages\/414\/revisions"}],"predecessor-version":[{"id":6382,"href":"https:\/\/www.simlog.com\/fr\/wp-json\/wp\/v2\/pages\/414\/revisions\/6382"}],"wp:attachment":[{"href":"https:\/\/www.simlog.com\/fr\/wp-json\/wp\/v2\/media?parent=414"}],"curies":[{"name":"wp","href":"https:\/\/api.w.org\/{rel}","templated":true}]}}