{"id":4,"date":"2016-01-18T20:24:53","date_gmt":"2016-01-18T19:24:53","guid":{"rendered":"http:\/\/simlog.com\/home\/"},"modified":"2021-09-29T10:36:26","modified_gmt":"2021-09-29T14:36:26","slug":"accueil","status":"publish","type":"page","link":"https:\/\/www.simlog.com\/fr\/","title":{"rendered":"Accueil"},"content":{"rendered":"<h1 class=\"title\" style=\"text-align: left;\">La r\u00e9f\u00e9rence en<br \/>\nrapport\u00a0qualit\u00e9-prix<\/h1>\n<p style=\"text-align: left;\"><span class=\"intro\">pour la formation des op\u00e9rateurs d&#8217;engins<\/span><\/p>\n<p>Simlog est aujourd&#8217;hui reconnue comme la r\u00e9f\u00e9rence en rapport qualit\u00e9-prix en simulation pour la formation des op\u00e9rateurs d&#8217;\u00e9quipements lourds.<\/p>\n<p>Nos produits vous proposent un cadre p\u00e9dagogique unique, \u00e9labor\u00e9 avec des \u00e9quipementiers, des concessionnaires et surtout des professionnels du milieu de la formation. Simlog offre de nombreuses options de mise en route et des interfaces de commande pour tous les budgets. Simlog est une entreprise pionni\u00e8re, chef de file mondial et la r\u00e9f\u00e9rence en rapport qualit\u00e9-prix en mati\u00e8re de simulation de soutien \u00e0 la formation.<\/p>\n","protected":false},"excerpt":{"rendered":"<p>La r\u00e9f\u00e9rence en rapport\u00a0qualit\u00e9-prix pour la formation des op\u00e9rateurs d&#8217;engins Simlog est aujourd&#8217;hui reconnue comme la r\u00e9f\u00e9rence en rapport qualit\u00e9-prix en simulation pour la formation des op\u00e9rateurs d&#8217;\u00e9quipements lourds. Nos produits vous proposent un cadre p\u00e9dagogique unique, \u00e9labor\u00e9 avec des \u00e9quipementiers, des concessionnaires et surtout des professionnels du milieu de la formation. Simlog offre de &hellip; <a href=\"https:\/\/www.simlog.com\/fr\/\">Continued<\/a><\/p>\n","protected":false},"author":1,"featured_media":0,"parent":0,"menu_order":2,"comment_status":"closed","ping_status":"closed","template":"template-home.php","meta":{"_monsterinsights_skip_tracking":false,"_monsterinsights_sitenote_active":false,"_monsterinsights_sitenote_note":"","_monsterinsights_sitenote_category":0,"footnotes":""},"class_list":["post-4","page","type-page","status-publish","hentry"],"_links":{"self":[{"href":"https:\/\/www.simlog.com\/fr\/wp-json\/wp\/v2\/pages\/4","targetHints":{"allow":["GET"]}}],"collection":[{"href":"https:\/\/www.simlog.com\/fr\/wp-json\/wp\/v2\/pages"}],"about":[{"href":"https:\/\/www.simlog.com\/fr\/wp-json\/wp\/v2\/types\/page"}],"author":[{"embeddable":true,"href":"https:\/\/www.simlog.com\/fr\/wp-json\/wp\/v2\/users\/1"}],"replies":[{"embeddable":true,"href":"https:\/\/www.simlog.com\/fr\/wp-json\/wp\/v2\/comments?post=4"}],"version-history":[{"count":4,"href":"https:\/\/www.simlog.com\/fr\/wp-json\/wp\/v2\/pages\/4\/revisions"}],"predecessor-version":[{"id":2788,"href":"https:\/\/www.simlog.com\/fr\/wp-json\/wp\/v2\/pages\/4\/revisions\/2788"}],"wp:attachment":[{"href":"https:\/\/www.simlog.com\/fr\/wp-json\/wp\/v2\/media?parent=4"}],"curies":[{"name":"wp","href":"https:\/\/api.w.org\/{rel}","templated":true}]}}