{"id":366,"date":"2016-01-22T21:07:05","date_gmt":"2016-01-23T02:07:05","guid":{"rendered":"http:\/\/simlog.com\/fr\/produits\/software-licensing\/"},"modified":"2024-01-15T10:28:17","modified_gmt":"2024-01-15T15:28:17","slug":"controle-de-licence","status":"publish","type":"page","link":"https:\/\/www.simlog.com\/fr\/support\/controle-de-licence\/","title":{"rendered":"Contr\u00f4le de licence"},"content":{"rendered":"<h3>Payer une fois<\/h3>\n<p>Lorsque vous <em data-redactor-tag=\"em\">achetez<\/em> une licence logicielle, vous ne payez <em data-redactor-tag=\"em\">qu\u2019une seule fois<\/em> sans aucun frais annuel d&#8217;<em>abonnement<\/em>. En effet, bien que Simlog n\u2019exige aucun paiement suppl\u00e9mentaire, nous allons continuer de vous fournir de l\u2019assistance technique au besoin.<\/p>\n<h3>Licence logicielle &#8220;par PC&#8221;<\/h3>\n<p>L\u2019activation de chaque logiciel Simlog est &#8220;par PC&#8221;. Par cons\u00e9quent, pour pouvoir former deux personnes <em data-redactor-tag=\"em\">\u00e0 la fois<\/em>, il vous faut deux ordinateurs et deux licences logicielles.<\/p>\n<p>Lors de l\u2019achat de votre licence logicielle et suivant sa mise en route, vous allez nous fournir le <em data-redactor-tag=\"em\">Code de licence<\/em> (une s\u00e9rie de chiffres et de lettres) associ\u00e9 \u00e0 votre installation logicielle. En retour, Simlog vous g\u00e9n\u00e9rera une <em data-redactor-tag=\"em\">Cl\u00e9 de licence<\/em> (une autre s\u00e9rie de chiffres et de lettres) pour activer le Mode Commercial.<\/p>\n<p>(D\u2019autres soci\u00e9t\u00e9s de simulateurs misent sur une petite cl\u00e9 mat\u00e9rielle (\u00ab dongle \u00bb), mais en cas de dommage ou perte, il faut acheter un remplacement \u00e0 un prix qui sera un pourcentage important du prix d\u2019achat de la licence logicielle elle-m\u00eame. Et en attendant la livraison, assujettie aux d\u00e9lais habituels du transport d\u2019un objet physique, la formation sur simulateur sera \u00e9galement en attente.)<\/p>\n<h3>R\u00e9activation de licence logicielle<\/h3>\n<p>Si vous devez remplacer votre ordinateur d\u2019origine par un autre, ou apporter de changements mat\u00e9riels ou logiciels \u00e0 votre ordinateur d\u2019origine, il va falloir proc\u00e9der \u00e0 la r\u00e9activation de votre licence logicielle, car le Code de licence sera <em>diff\u00e9rent<\/em>. Notons qu\u2019une telle r\u00e9activation sera possiblement assujettie aux frais Simlog, selon l\u2019assistance technique que nous allons fournir.<\/p>\n<p>Toutefois, avant d&#8217;installer la version logicielle que vous avez achet\u00e9e, veuillez nous contacter, car il se peut qu&#8217;une mise \u00e0 jour logicielle soit disponible en mesure d&#8217;offrir encore plus de soutien \u00e0 vos activit\u00e9s de formation.<\/p>\n<h3>Mises \u00e0 jour logicielles<\/h3>\n<p>Chez Simlog, nous sommes toujours en train de r\u00e9aliser de nouveaux produits <em data-redactor-tag=\"em\">et<\/em> en m\u00eame temps nous continuons d\u2019am\u00e9liorer nos produits actuels sous forme de <em data-redactor-tag=\"em\">mise \u00e0 jour logicielle<\/em>. C\u2019est notre engagement envers vous. Au fur et \u00e0 mesure que les PC offrent des niveaux de performance de plus en plus \u00e9lev\u00e9s, Simlog va continuer \u00e0 fournir un soutien \u00e0 la formation de plus en plus \u00e9lev\u00e9, gr\u00e2ce aux graphismes plus sophistiqu\u00e9s, \u00e0 la simulation de la conduite plus performante et \u00e0 l\u2019ajout de nouveaux Modules de simulation.<br \/>\nLorsqu\u2019une mise \u00e0 jour est disponible, Simlog ne vend plus (et ne supporte plus) la version ant\u00e9rieure, car nous mettons fin \u00e0 la mise \u00e0 jour de la mise \u00e0 jour de la version ant\u00e9rieure au rythme des changements mat\u00e9riels par les fournisseurs d\u2019ordinateurs, des changements de Windows par Microsoft, etc. Par cons\u00e9quent, si vous installez la version logicielle que vous aviez sur votre ordinateur original, il se peut que le logiciel ne fonctionne pas. Dans un tels cas, il faut alors opter pour la nouvelle version logicielle et possiblement payer des frais de mise \u00e0 jour.<\/p>\n<h3>Frais pour mises \u00e0 jour logicielles<\/h3>\n<p>Lorsqu\u2019une mise \u00e0 jour est disponible moins de douze mois apr\u00e8s votre achat de licence, Simlog vous l\u2019offre gratuitement pour une p\u00e9riode d\u2019un an. Sinon, apr\u00e8s cette p\u00e9riode, Simlog vous l\u2019offrira \u00e0 <em data-redactor-tag=\"em\">moiti\u00e9 prix<\/em>, c\u2019est-\u00e0-dire au prix qui est la moiti\u00e9 du prix courant de la <em data-redactor-tag=\"em\">nouvelle<\/em> version logicielle.<br \/>\nCette m\u00eame politique s\u2019applique aux clients qui ont achet\u00e9 leur licence plus d\u2019un an avant la disponibilit\u00e9 de la mise \u00e0 jour. Notons que l\u2019on parle ici de mise \u00e0 jour connexe, c\u2019est-\u00e0-dire du passage de la version 1 \u00e0 la version 2, \u00e0 la version 2 \u00e0 la version 3 mais <em data-redactor-tag=\"em\">non<\/em> de la version 1 \u00e0 la version 3. (Ceci est une pratique courante dans l\u2019industrie).<\/p>\n<div id=\"spoon-plugin-kncgbdglledmjmpnikebkagnchfdehbm-2\" style=\"display: none;\"><\/div>\n","protected":false},"excerpt":{"rendered":"<p>Payer une fois Lorsque vous achetez une licence logicielle, vous ne payez qu\u2019une seule fois sans aucun frais annuel d&#8217;abonnement. En effet, bien que Simlog n\u2019exige aucun paiement suppl\u00e9mentaire, nous allons continuer de vous fournir de l\u2019assistance technique au besoin. Licence logicielle &#8220;par PC&#8221; L\u2019activation de chaque logiciel Simlog est &#8220;par PC&#8221;. Par cons\u00e9quent, pour &hellip; <a href=\"https:\/\/www.simlog.com\/fr\/support\/controle-de-licence\/\">Continued<\/a><\/p>\n","protected":false},"author":6,"featured_media":0,"parent":418,"menu_order":4,"comment_status":"closed","ping_status":"closed","template":"","meta":{"_monsterinsights_skip_tracking":false,"_monsterinsights_sitenote_active":false,"_monsterinsights_sitenote_note":"","_monsterinsights_sitenote_category":0,"footnotes":""},"class_list":["post-366","page","type-page","status-publish","hentry"],"_links":{"self":[{"href":"https:\/\/www.simlog.com\/fr\/wp-json\/wp\/v2\/pages\/366","targetHints":{"allow":["GET"]}}],"collection":[{"href":"https:\/\/www.simlog.com\/fr\/wp-json\/wp\/v2\/pages"}],"about":[{"href":"https:\/\/www.simlog.com\/fr\/wp-json\/wp\/v2\/types\/page"}],"author":[{"embeddable":true,"href":"https:\/\/www.simlog.com\/fr\/wp-json\/wp\/v2\/users\/6"}],"replies":[{"embeddable":true,"href":"https:\/\/www.simlog.com\/fr\/wp-json\/wp\/v2\/comments?post=366"}],"version-history":[{"count":7,"href":"https:\/\/www.simlog.com\/fr\/wp-json\/wp\/v2\/pages\/366\/revisions"}],"predecessor-version":[{"id":8174,"href":"https:\/\/www.simlog.com\/fr\/wp-json\/wp\/v2\/pages\/366\/revisions\/8174"}],"up":[{"embeddable":true,"href":"https:\/\/www.simlog.com\/fr\/wp-json\/wp\/v2\/pages\/418"}],"wp:attachment":[{"href":"https:\/\/www.simlog.com\/fr\/wp-json\/wp\/v2\/media?parent=366"}],"curies":[{"name":"wp","href":"https:\/\/api.w.org\/{rel}","templated":true}]}}