{"id":363,"date":"2016-01-25T17:08:22","date_gmt":"2016-01-25T22:08:22","guid":{"rendered":"http:\/\/simlog.com\/fr\/produits\/use-your-pc\/"},"modified":"2025-10-30T13:06:06","modified_gmt":"2025-10-30T17:06:06","slug":"utiliser-votre-pc","status":"publish","type":"page","link":"https:\/\/www.simlog.com\/fr\/support\/utiliser-votre-pc\/","title":{"rendered":"Utiliser votre PC"},"content":{"rendered":"<p>Les logiciels de simulation de conduite d\u2019engins sont des applications informatiques exigeantes, tant sur le plan du calcul que sur le plan du graphisme. Par cons\u00e9quent, chez la plupart des soci\u00e9t\u00e9s, l\u2019ordinateur (parfois plusieurs!) fait partie des \u00e9l\u00e9ments mat\u00e9riels fournis dans le cadre des produits \u00ab\u00a0cl\u00e9s en main\u00a0\u00bb. Le r\u00e9sultat? En cas de probl\u00e8me, il faut bien que l\u2019ordinateur soit retourn\u00e9 chez eux.<\/p>\n<p>Or, chez Simlog, nos <a href=\"https:\/\/www.simlog.com\/fr\/produits\/\">Simulateurs personnels<\/a>\u00a0vous permettent de <strong>fournir votre propre ordinateur<\/strong> (ex. de marque Dell, HP, etc.) dans votre devise (et langue) afin d\u2019obtenir un service apr\u00e8s vente qui est <em>local<\/em>.<\/p>\n<p>Simlog pr\u00e9sente ici des recommandations pour obtenir un niveau de performance allant de l\u2019ad\u00e9quat jusqu\u2019\u00e0 excellent, pour l\u2019ensemble de nos produits.<\/p>\n<table width=\"100%\">\n<tbody>\n<tr>\n<td>\n<p style=\"text-align: center;\"><b>Composante<\/b><\/p>\n<\/td>\n<td style=\"text-align: center;\"><strong>Ordinateur de bureau<\/strong><\/td>\n<td style=\"text-align: center;\"><strong>Ordinateur portatif<\/strong><\/td>\n<\/tr>\n<tr>\n<td>\n<p style=\"text-align: center;\">Syst\u00e8me d&#8217;exploitation<\/p>\n<\/td>\n<td style=\"text-align: center;\">Windows 11 Pro<\/td>\n<td>\n<p style=\"text-align: center;\">Windows 11 Pro<\/p>\n<\/td>\n<\/tr>\n<tr>\n<td>\n<p style=\"text-align: center;\">CPU<\/p>\n<\/td>\n<td style=\"text-align: center;\">Intel Core i7 @ 3.0GHz,<br \/>\nIntel Core Ultra 7 @ 4.7GHz, ou mieux<\/td>\n<td>\n<p style=\"text-align: center;\">Intel Core i7 @ 3.0GHz,<br \/>\nIntel Core Ultra 7 @ 4.7GHz, ou mieux<\/p>\n<\/td>\n<\/tr>\n<tr>\n<td>\n<p style=\"text-align: center;\">M\u00e9moire vive (RAM)<\/p>\n<\/td>\n<td style=\"text-align: center;\">32 Go de RAM<\/td>\n<td>\n<p style=\"text-align: center;\">32 Go de RAM<\/p>\n<\/td>\n<\/tr>\n<tr>\n<td style=\"text-align: center;\">Carte graphique (vid\u00e9o)<\/td>\n<td style=\"text-align: center;\"><strong>Configuration de 1 \u00e9cran:<br \/>\n<\/strong>NVIDIA GeForce RTX <strong>5000 <\/strong><strong>s\u00e9ries<\/strong>: <strong>5070 ou mieux <\/strong>munie avec au moins 8Go GDDR5 (m\u00e9moire vid\u00e9o)<\/p>\n<p><strong>Configuration multi-\u00e9crans:<br \/>\n<\/strong>NVIDIA GeForce RTX <strong>5000 <\/strong><strong>s\u00e9ries<\/strong>: <strong>5080 ou mieux <\/strong>munie avec au moins 16Go GDDR5 (m\u00e9moire vid\u00e9o)<\/p>\n<p>(cartes NVIDIA Quadro, g\u00e9n\u00e9ration Ada, s\u00e9rie T, s\u00e9rie RTX A, et AMD non compatibles)<\/td>\n<td>\n<p style=\"text-align: center;\"><strong>Configuration de 1 \u00e9cran:<br \/>\n<\/strong>NVIDIA GeForce RTX <strong>5000 <\/strong><strong>s\u00e9ries<\/strong>: <strong>5080 ou mieux <\/strong>munie avec au moins 8Go GDDR5 (m\u00e9moire vid\u00e9o)<\/p>\n<p style=\"text-align: center;\"><strong>Configuration multi-\u00e9crans:<br \/>\n<\/strong>NVIDIA GeForce RTX\u00a0<strong>5090 <\/strong>munie avec au moins 16Go GDDR5 (m\u00e9moire vid\u00e9o)<\/p>\n<p style=\"text-align: center;\">(cartes NVIDIA Quadro, g\u00e9n\u00e9ration Ada, s\u00e9rie T, s\u00e9rie RTX A, et AMD non compatibles)<\/p>\n<\/td>\n<\/tr>\n<tr>\n<td>\n<p style=\"text-align: center;\">Disque dur<\/p>\n<\/td>\n<td style=\"text-align: center;\">au moins 8Go de l&#8217;espace disque libre<\/td>\n<td>\n<p style=\"text-align: center;\">au moins 8Go de l&#8217;espace disque libre<\/p>\n<\/td>\n<\/tr>\n<tr>\n<td>\n<p style=\"text-align: center;\">\u00c9cran<\/p>\n<\/td>\n<td style=\"text-align: center;\"><a href=\"https:\/\/www.simlog.com\/fr\/support\/a-propos-des-ecrans\/\">Conseils Simlog<\/a><\/td>\n<td>\n<p style=\"text-align: center;\"><a href=\"https:\/\/www.simlog.com\/fr\/support\/a-propos-des-ecrans\/\">Conseils Simlog<\/a><\/p>\n<\/td>\n<\/tr>\n<tr>\n<td>\n<p style=\"text-align: center;\">Entr\u00e9es\/sorties<\/p>\n<\/td>\n<td style=\"text-align: center;\">Un nombre suffisant de ports USB 2.0 de type &#8220;A&#8221;<br \/>\npour les \u00e9l\u00e9ments de commande, le clavier et la souris + 1 port audio (voir note sur les sons)<\/td>\n<td>\n<p style=\"text-align: center;\">Un nombre suffisant de ports USB de type &#8220;A&#8221;<br \/>\npour les \u00e9l\u00e9ments de commande, le clavier et la souris + 1 port audio (voir note sur les sons)<\/p>\n<\/td>\n<\/tr>\n<tr>\n<td rowspan=\"4\">\n<p style=\"text-align: center;\">Sorties vid\u00e9os requis<\/p>\n<\/td>\n<td style=\"text-align: center;\" rowspan=\"2\"><strong>Configuration de 1 \u00e0 3 \u00e9crans (Paysage ou Portrait)<br \/>\n<\/strong>Doit disposer d&#8217;au moins 3 sorties vid\u00e9o (connexions HDMI et\/ou DisplayPort) sur la carte graphique.<\/td>\n<td style=\"text-align: center;\"><strong>Configuration de 1 \u00e9cran <\/strong><strong>(Paysage ou Portrait)<br \/>\n<\/strong>Doit disposer d&#8217;au moins 1 sortie vid\u00e9o (connexion HDMI ou miniDisplayPort)<\/td>\n<\/tr>\n<tr>\n<td>\n<p style=\"text-align: center;\"><strong>Configuration de 2 \u00e9crans \u00a0\u00a0\u00a0(Paysage ou Portrait)<br \/>\n<\/strong>Doit disposer d&#8217;au moins 2 sorties vid\u00e9o (connexions HDMI et miniDisplayPort)<\/p>\n<\/td>\n<\/tr>\n<tr>\n<td rowspan=\"2\">\n<p style=\"text-align: center;\"><strong>Configuration de 4 \u00e9crans \u00a0\u00a0(Paysage ou Portrait)<br \/>\n<\/strong>Doit disposer d&#8217;au moins 4 sorties vid\u00e9o (connexions HDMI et\/ou DisplayPort) sur la carte graphique.<\/p>\n<\/td>\n<td>\n<p style=\"text-align: center;\"><strong>Configuration de 3 \u00e9crans\u00a0 \u00a0 (Paysage ou Portrait)<br \/>\n<\/strong>Doit disposer d&#8217;au moins 1 sortie vid\u00e9o (connexion HDMI ou miniDisplayPort)<br \/>\n<em>et<br \/>\n<\/em>avoir achet\u00e9 une boite <a target=\"_blank\" href=\"https:\/\/video.matrox.com\/en\/products\/video-walls\/quadhead2go-series\/q155-appliance\" rel=\"noopener\">Matrox QuadHead2Go Q155 Edition<\/a><\/p>\n<\/td>\n<\/tr>\n<tr>\n<td>\n<p style=\"text-align: center;\"><strong>Configuration de 4 \u00e9crans\u00a0 (Paysage ou Portrait)<br \/>\n<\/strong>Doit disposer d&#8217;au moins 2 sorties vid\u00e9o (connexions HDMI et miniDisplayPort)<br \/>\n<em>et<br \/>\n<\/em>avoir achet\u00e9 une boite <a target=\"_blank\" href=\"https:\/\/video.matrox.com\/en\/products\/video-walls\/quadhead2go-series\/q155-appliance\" rel=\"noopener\">Matrox QuadHead2Go Q155 Edition<\/a><\/p>\n<\/td>\n<\/tr>\n<\/tbody>\n<\/table>\n<p>&nbsp;<\/p>\n<h3>\u00c0 propos de la configuration mat\u00e9rielle pour soutenir des \u00e9crans multiples<\/h3>\n<p>Pour accommoder l&#8217;utilisation de trois \u00e9crans positionn\u00e9s <em>devant<\/em> l\u2019interface de commande , il vous des sorties vid\u00e9o multiples. \u00c0 titre d&#8217;exemple, pour trois \u00e9crans dispos\u00e9s en avant de votre interface de commande, il faut que les trois sorties vid\u00e9o composent un seul &#8220;bureau&#8221; Windows et pour cela, Simlog pr\u00e9sente deux d\u00e9marches :<\/p>\n<ul>\n<li>Pour un ordinateur de bureau, pr\u00e9conisez une seule carte graphique qui offre au moins trois sorties vid\u00e9o;<\/li>\n<li>Pour un ordinateur portatif, il y a souvent une seule sortie vid\u00e9o (ex. \u00ab HDMI \u00bb) et par cons\u00e9quent, il faut faire appel \u00e0 un adaptateur \u00ab multi \u00e9crans&#8221; offrant trois sorties vid\u00e9o. \u00c0 cette fin, Simlog vous recommande le <a target=\"_blank\" href=\"https:\/\/video.matrox.com\/en\/products\/video-walls\/quadhead2go-series\/q155-appliance\" rel=\"noopener\">Matrox QuadHead2Go Q155 Edition<\/a>.\u00a0Par ailleurs, quand il y une deuxi\u00e8me sortie vid\u00e9o (ex. \u00ab\u00a0miniDisplayPort\u00a0\u00bb), elle pourra servir \u00e0 la disposition d\u2019un \u00e9cran positionn\u00e9 <em>derri\u00e8re<\/em> l\u2019interface de commande.<\/li>\n<\/ul>\n<p>Dans tous les cas, il faut peut-\u00eatre ajouter des adaptateurs de prise pour pouvoir connecter les ports de sortie vid\u00e9o aux ports d&#8217;entr\u00e9e de vos \u00e9crans (habituellement \u00ab\u00a0HDMI\u00a0\u00bb).<\/p>\n<h3>\u00a0\u00c0 propos des sons<\/h3>\n<p>Simlog vous invite \u00e0 pr\u00e9coniser une carte de son de qualit\u00e9 sup\u00e9rieure qui sera int\u00e9gr\u00e9e \u00e0 la carte m\u00e8re (&#8220;motherboard&#8221;) de l&#8217;ordinateur ou sur une carte \u00e0 part ex. de Creative Labs ou Asus.<\/p>\n<p>Quant aux haut-parleurs, Simlog recommande un syst\u00e8me de son &#8220;2.1&#8221; compos\u00e9 de deux petites unit\u00e9s \u00e0 gauche et \u00e0 droite ainsi qu&#8217;un caisson (&#8220;sub-woofer&#8221;) pour davantage reproduire les retours sonores de basse fr\u00e9quence. Toutefois, si vous pr\u00e9voyez d\u00e9ployer des postes multiples, Simlog vous sugg\u00e8re des \u00e9couteurs pour chaque poste au lieu des haut-parleurs (pour que les retours sonores d&#8217;un poste ne se propagent pas aux postes avoisinants).<\/p>\n<h3>\u00c0 propos de la mise en r\u00e9seau<\/h3>\n<p>Dans le cadre de la mise en route du Gestionnaire de simulation pour un laboratoire de simulation, Simlog vous conseille de cr\u00e9er un r\u00e9seau \u00e0 part d\u00e9di\u00e9 aux ordinateurs de vos logiciels Simlog. Pourquoi ne pas utiliser votre r\u00e9seau actuel d&#8217;\u00e9cole ou d&#8217;entreprise? Un tel r\u00e9seau est con\u00e7u pour &#8220;s\u00e9curiser&#8221; vos fichiers et par cons\u00e9quent, il se peut que le partage de la base de donn\u00e9es Simlog soit difficilement effectu\u00e9, sinon impossible, selon les mesures mises en place par votre service des TI. Par cons\u00e9quent, si vous cr\u00e9ez un r\u00e9seau uniquement pour les ordinateurs de vos logiciels Simlog, ce partage sera facile \u00e0 r\u00e9aliser et ne pourra nullement menacer la s\u00e9curit\u00e9 de votre r\u00e9seau actuel.<\/p>\n<h3>\u00c0 propos de l&#8217;alimentation \u00e9lectrique<\/h3>\n<p>Finalement, Simlog vous conseille d&#8217;utiliser un syst\u00e8me d&#8217;alimentation \u00e9lectrique sans coupure (&#8220;UPS&#8221;) afin de prot\u00e9ger votre ordinateur lorsque l&#8217;alimentation \u00e9lectrique fait d\u00e9faut. R\u00e8gle g\u00e9n\u00e9rale, une unit\u00e9 \u00e0 &#8220;capacit\u00e9 modeste&#8221; sera en mesure de pallier aux probl\u00e8mes de perturbation, et de fournir une alimentation de secours suffisante en cas de panne. En particulier, des capacit\u00e9s de 750 VA \u00e0 1500 VA r\u00e9pondront aux besoins de la plupart des ordinateurs, selon la qualit\u00e9 du courant.<\/p>\n","protected":false},"excerpt":{"rendered":"<p>Les logiciels de simulation de conduite d\u2019engins sont des applications informatiques exigeantes, tant sur le plan du calcul que sur le plan du graphisme. Par cons\u00e9quent, chez la plupart des soci\u00e9t\u00e9s, l\u2019ordinateur (parfois plusieurs!) fait partie des \u00e9l\u00e9ments mat\u00e9riels fournis dans le cadre des produits \u00ab\u00a0cl\u00e9s en main\u00a0\u00bb. Le r\u00e9sultat? En cas de probl\u00e8me, il &hellip; <a href=\"https:\/\/www.simlog.com\/fr\/support\/utiliser-votre-pc\/\">Continued<\/a><\/p>\n","protected":false},"author":6,"featured_media":0,"parent":418,"menu_order":2,"comment_status":"closed","ping_status":"closed","template":"","meta":{"_monsterinsights_skip_tracking":false,"_monsterinsights_sitenote_active":false,"_monsterinsights_sitenote_note":"","_monsterinsights_sitenote_category":0,"footnotes":""},"class_list":["post-363","page","type-page","status-publish","hentry"],"_links":{"self":[{"href":"https:\/\/www.simlog.com\/fr\/wp-json\/wp\/v2\/pages\/363","targetHints":{"allow":["GET"]}}],"collection":[{"href":"https:\/\/www.simlog.com\/fr\/wp-json\/wp\/v2\/pages"}],"about":[{"href":"https:\/\/www.simlog.com\/fr\/wp-json\/wp\/v2\/types\/page"}],"author":[{"embeddable":true,"href":"https:\/\/www.simlog.com\/fr\/wp-json\/wp\/v2\/users\/6"}],"replies":[{"embeddable":true,"href":"https:\/\/www.simlog.com\/fr\/wp-json\/wp\/v2\/comments?post=363"}],"version-history":[{"count":44,"href":"https:\/\/www.simlog.com\/fr\/wp-json\/wp\/v2\/pages\/363\/revisions"}],"predecessor-version":[{"id":8782,"href":"https:\/\/www.simlog.com\/fr\/wp-json\/wp\/v2\/pages\/363\/revisions\/8782"}],"up":[{"embeddable":true,"href":"https:\/\/www.simlog.com\/fr\/wp-json\/wp\/v2\/pages\/418"}],"wp:attachment":[{"href":"https:\/\/www.simlog.com\/fr\/wp-json\/wp\/v2\/media?parent=363"}],"curies":[{"name":"wp","href":"https:\/\/api.w.org\/{rel}","templated":true}]}}