{"id":8530,"date":"2025-03-07T16:38:06","date_gmt":"2025-03-07T21:38:06","guid":{"rendered":"https:\/\/www.simlog.com\/?post_type=product&#038;p=8530"},"modified":"2026-03-03T12:28:15","modified_gmt":"2026-03-03T17:28:15","slug":"simulador-personal-de-montacargas-contrabalanceado-con-operador-de-pie","status":"publish","type":"product","link":"https:\/\/www.simlog.com\/es\/product\/simulador-personal-de-montacargas-contrabalanceado-con-operador-de-pie\/","title":{"rendered":"Simulador personal de montacargas contrabalanceado con operador de pie"},"content":{"rendered":"<p>Para maximizar la densidad de almacenamiento, los almacenes y centros de distribuci\u00f3n adoptan <em>pasillos estrechos<\/em> para los cuales se necesita un tipo especial de montacargas contrabalanceado con funcionalidad de \u201coperador de pie\u201d para <em>trabajar en muelles de carga y en sistemas de estanter\u00edas con pasillos estrechos<\/em>.<\/p>\n<p>El nuevo\u00a0<strong>Simulador personal de montacargas contrabalanceado con operador de pie<\/strong> Simlog\u00a0lo pone a usted a los controles de un t\u00edpico montacargas contrabalanceado con operador de pie (para pasillos estrechos), adecuado para programas de capacitaci\u00f3n de operadores <a href=\"https:\/\/www.osha.gov\/SLTC\/etools\/pit\/forklift\/types\/classes.html\"><strong>OSHA de Clase 1<\/strong><\/a>.<\/p>\n<p>Y la combinaci\u00f3n de recursos gr\u00e1ficos de simulaci\u00f3n fotorrealistas, la mejor simulaci\u00f3n de las leyes de la f\u00edsica y un dise\u00f1o did\u00e1ctico de calidad superior ofrecen una ayuda incomparable para la capacitaci\u00f3n de operadores.<\/p>\n<p>Se pueden configurar <strong>tres pantallas ubicadas a la izquierda, adelante y a la derecha del operador, <\/strong>para ofrecer visualizaciones t\u00edpicas del posicionamiento lateral al mirar hacia atr\u00e1s, hacia un costado y hacia adelante. Si el espacio es limitado, se puede configurar una sola pantalla.<\/p>\n<p>Y no se necesita nada m\u00e1s que <em>una<\/em> computadora de las que se encuentran com\u00fanmente en el comercio. Adquiera su propia\u00a0<a target=\"_blank\" href=\"https:\/\/www.simlog.com\/es\/soporte\/use-su-pc\/\" rel=\"noopener\">computadora comercial<\/a>\u00a0o elija la practicidad de nuestro<a target=\"_blank\" href=\"https:\/\/www.simlog.com\/es\/soporte\/paquete-pc\/\" rel=\"noopener\">\u00a0conjunto de PC<\/a>\u00a0con el software de Simlog ya instalado, licenciado y listo para su uso.<\/p>\n<p>Simlog tambi\u00e9n puede proveer un\u00a0<a target=\"_blank\" href=\"https:\/\/www.simlog.com\/es\/product\/simulador-personal-montacargas\/\" rel=\"noopener\"><strong>Simulador personal de montacargas\u00a0<\/strong><\/a>para capacitaci\u00f3n de operadores de montacargas contrabalanceados con operador sentado<strong>,\u00a0<\/strong>y un\u00a0<a target=\"_blank\" href=\"https:\/\/www.simlog.com\/es\/product\/simulador-personal-montacargas-retractil\/\" rel=\"noopener\"><strong>Simulador personal de montacargas retr\u00e1ctil\u00a0<\/strong><\/a>para capacitaci\u00f3n de operadores de montacargas con operador de pie (para pasillos estrechos) con horquilla que se extiende y se retrae.<\/p>\n","protected":false},"featured_media":8365,"template":"","class_list":["post-8530","product","type-product","status-publish","has-post-thumbnail","hentry","product_cat-todas","product_cat-manipulacion-de-materiales"],"_links":{"self":[{"href":"https:\/\/www.simlog.com\/es\/wp-json\/wp\/v2\/product\/8530","targetHints":{"allow":["GET"]}}],"collection":[{"href":"https:\/\/www.simlog.com\/es\/wp-json\/wp\/v2\/product"}],"about":[{"href":"https:\/\/www.simlog.com\/es\/wp-json\/wp\/v2\/types\/product"}],"wp:featuredmedia":[{"embeddable":true,"href":"https:\/\/www.simlog.com\/es\/wp-json\/wp\/v2\/media\/8365"}],"wp:attachment":[{"href":"https:\/\/www.simlog.com\/es\/wp-json\/wp\/v2\/media?parent=8530"}],"curies":[{"name":"wp","href":"https:\/\/api.w.org\/{rel}","templated":true}]}}