{"id":2681,"date":"2016-11-22T11:26:16","date_gmt":"2016-11-22T16:26:16","guid":{"rendered":"http:\/\/www.simlog.com\/es\/product\/%e2%80%8bmobile-crane-personal-simulator-2\/"},"modified":"2023-07-28T11:50:47","modified_gmt":"2023-07-28T15:50:47","slug":"simulador-personal-grua-movil","status":"publish","type":"product","link":"https:\/\/www.simlog.com\/es\/product\/simulador-personal-grua-movil\/","title":{"rendered":"Simulador Personal de Gr\u00faa M\u00f3vil"},"content":{"rendered":"<p>La nueva <strong>edici\u00f3n avanzada<\/strong> del Simulador personal de gr\u00faa m\u00f3vil de Simlog lo pone al mando de una gr\u00faa moderna todoterreno con m\u00e1stil hidr\u00e1ulico de tipo telesc\u00f3pico dotado de una pluma, aparejos con ganchos y cargas variables.El software presenta gr\u00e1ficos \u00a0de alta calidad y \u00a0f\u00edsica de simulaci\u00f3n realista, y la nueva edici\u00f3n introduce par\u00e1metros para definir fuerza, direcci\u00f3n y r\u00e1fagas de viento.<\/p>\n<p>Como en las gr\u00faas reales, el tablero de instrumentos incluye el \u00e1ngulo de la pluma, radio de carga, longitud de pluma, secci\u00f3n telesc\u00f3pica de la pluma y el modo, la velocidad de elevaci\u00f3n relativa, regi\u00f3n de la operaci\u00f3n y el indicador del momento de carga.<\/p>\n<p>Adem\u00e1s de los ejercicios dise\u00f1ados para dominar la operaci\u00f3n de la gr\u00faa, la <strong>edici\u00f3n avanzada<\/strong> de Simlog presenta ejercicios de planificaci\u00f3n de cargas que requieren buen conocimiento de las tablas de carga. El operador deber\u00e1 elegir la longitud de la pluma, el modo telesc\u00f3pico de la pluma, el n\u00famero de cables, los \u00e1ngulos de la pluma para la elevaci\u00f3n y \u00a0la colocaci\u00f3n de la carga, y decidir si usa o no un aguil\u00f3n y en que \u00e1ngulo. \u00a0(Una vez el plan sea el correcto, se ejecuta la elevaci\u00f3n).<\/p>\n<p>Finalmente, la <strong>edici\u00f3n avanzada<\/strong> de Simlog, \u00a0presenta ejercicios que ense\u00f1an al \u00a0se\u00f1alero a proporcionar se\u00f1ales adecuadas (por voz o gestos) al operador de la gr\u00faa para completar una elevaci\u00f3n, y al operador a entender y seguir dichas se\u00f1ales.<\/p>\n<p>Puede usar solo una <a target=\"_blank\" href=\"http:\/\/www.simlog.com\/es\/soporte\/pantallas\/\" rel=\"noopener\">pantalla<\/a> cuando el espacio es limitado o tres pantallas en modo horizontal o vertical para crear un campo de visi\u00f3n de 180 grados. Para los ejercicios que requieren se\u00f1alero se debe a\u00f1adir una pantalla adicional. (Cuando no se dispone de una pantalla adicional para el se\u00f1alero, la vista del se\u00f1alero se muestra en la pantalla del operador).<\/p>\n<h4>En l\u00ednea con los organismos de normalizaci\u00f3n<\/h4>\n<p>Los ejercicios de simulaci\u00f3n hacen hincapi\u00e9 en las habilidades gen\u00e9ricas asociadas con el movimiento de cargas en presencia de obst\u00e1culos, respetando l\u00edmites de altura y l\u00edmite de carga, al igual que los ex\u00e1menes pr\u00e1cticos desarrollados por <a target=\"_blank\" href=\"http:\/\/nccco.org\/\" rel=\"noopener\">NCCCO<\/a> y <a target=\"_blank\" href=\"http:\/\/www.nccer.org\/\" rel=\"noopener\">NCCER<\/a> para certificar operadores de gr\u00faas con corredores en zigzag. Cuando se considera el costo de la acreditaci\u00f3n del examinador y la preparaci\u00f3n del sitio de prueba, tiene sentido ayudar a los operadores de gr\u00faas a prepararse para tal certificaci\u00f3n y aprobar el examen pr\u00e1ctico la primera vez con la ayuda de Simlog.<\/p>\n","protected":false},"featured_media":2684,"template":"","class_list":["post-2681","product","type-product","status-publish","has-post-thumbnail","hentry","product_cat-todas","product_cat-construccion","product_cat-manipulacion-de-materiales"],"_links":{"self":[{"href":"https:\/\/www.simlog.com\/es\/wp-json\/wp\/v2\/product\/2681","targetHints":{"allow":["GET"]}}],"collection":[{"href":"https:\/\/www.simlog.com\/es\/wp-json\/wp\/v2\/product"}],"about":[{"href":"https:\/\/www.simlog.com\/es\/wp-json\/wp\/v2\/types\/product"}],"wp:featuredmedia":[{"embeddable":true,"href":"https:\/\/www.simlog.com\/es\/wp-json\/wp\/v2\/media\/2684"}],"wp:attachment":[{"href":"https:\/\/www.simlog.com\/es\/wp-json\/wp\/v2\/media?parent=2681"}],"curies":[{"name":"wp","href":"https:\/\/api.w.org\/{rel}","templated":true}]}}