{"id":1496,"date":"2016-01-19T20:44:44","date_gmt":"2016-01-19T19:44:44","guid":{"rendered":"http:\/\/simlog.com\/es\/product\/%e2%80%8b%e2%80%8bwheeled-material-handler-personal-simulator\/"},"modified":"2023-07-28T12:01:12","modified_gmt":"2023-07-28T16:01:12","slug":"simulador-personal-manipulador-materiales","status":"publish","type":"product","link":"https:\/\/www.simlog.com\/es\/product\/simulador-personal-manipulador-materiales\/","title":{"rendered":"Simulador Personal de Manipulador de Materiales sobre Ruedas"},"content":{"rendered":"<p>El \u00a0Simulador Personal de Manipulador de Materiales sobre Ruedas de Simlog lo pone al mando de un manipulador de materiales sobre ruedas t\u00edpicas; equipado con un brazo articulado, un garfio de cuatro dientes, una cabina elevable y estabilizadores.<\/p>\n<p>Se presentan diferentes situaciones t\u00edpicas de dep\u00f3sitos de reciclaje de chatarra, con el fin de atender las necesidades de formaci\u00f3n de una amplia variedad de clientes que utilizan diferentes pr\u00e1cticas operativas.<\/p>\n<p>Puede usar su propio PC o elegir nuestro Paquete con PC, que trae el software de Simlog ya instalado, con licencia, y listo para funcionar en ingl\u00e9s o franc\u00e9s.<\/p>\n<div id=\"spoon-plugin-kncgbdglledmjmpnikebkagnchfdehbm-2\" style=\"display: none;\"><\/div>\n","protected":false},"featured_media":2790,"template":"","class_list":["post-1496","product","type-product","status-publish","has-post-thumbnail","hentry","product_cat-todas","product_cat-manipulacion-de-materiales"],"_links":{"self":[{"href":"https:\/\/www.simlog.com\/es\/wp-json\/wp\/v2\/product\/1496","targetHints":{"allow":["GET"]}}],"collection":[{"href":"https:\/\/www.simlog.com\/es\/wp-json\/wp\/v2\/product"}],"about":[{"href":"https:\/\/www.simlog.com\/es\/wp-json\/wp\/v2\/types\/product"}],"wp:featuredmedia":[{"embeddable":true,"href":"https:\/\/www.simlog.com\/es\/wp-json\/wp\/v2\/media\/2790"}],"wp:attachment":[{"href":"https:\/\/www.simlog.com\/es\/wp-json\/wp\/v2\/media?parent=1496"}],"curies":[{"name":"wp","href":"https:\/\/api.w.org\/{rel}","templated":true}]}}