{"id":1491,"date":"2016-01-19T21:58:10","date_gmt":"2016-01-19T20:58:10","guid":{"rendered":"http:\/\/simlog.com\/es\/product\/%e2%80%8bforwarder-personal-simulator\/"},"modified":"2023-07-28T12:00:00","modified_gmt":"2023-07-28T16:00:00","slug":"simulador-personal-transportador-troncos","status":"publish","type":"product","link":"https:\/\/www.simlog.com\/es\/product\/simulador-personal-transportador-troncos\/","title":{"rendered":"Simulador Personal de Transportador de Troncos"},"content":{"rendered":"<p>El\u00a0Simulador Personal de Transportador de Troncos\u00a0lo pone al mando de de una m\u00e1quina m\u00f3vil dotada de un m\u00e1stil articulado con pluma telesc\u00f3pica, una garra simple, una cesta-remolque y troncos.<\/p>\n<p>Puede usar su propio PC o elegir nuestro Paquete con PC, que trae el software de Simlog ya instalado, con licencia, y listo para funcionar en ingl\u00e9s o franc\u00e9s.<\/p>\n<div id=\"spoon-plugin-kncgbdglledmjmpnikebkagnchfdehbm-2\" style=\"display: none;\"><\/div>\n","protected":false},"featured_media":1197,"template":"","class_list":["post-1491","product","type-product","status-publish","has-post-thumbnail","hentry","product_cat-todas","product_cat-forestal"],"_links":{"self":[{"href":"https:\/\/www.simlog.com\/es\/wp-json\/wp\/v2\/product\/1491","targetHints":{"allow":["GET"]}}],"collection":[{"href":"https:\/\/www.simlog.com\/es\/wp-json\/wp\/v2\/product"}],"about":[{"href":"https:\/\/www.simlog.com\/es\/wp-json\/wp\/v2\/types\/product"}],"wp:featuredmedia":[{"embeddable":true,"href":"https:\/\/www.simlog.com\/es\/wp-json\/wp\/v2\/media\/1197"}],"wp:attachment":[{"href":"https:\/\/www.simlog.com\/es\/wp-json\/wp\/v2\/media?parent=1491"}],"curies":[{"name":"wp","href":"https:\/\/api.w.org\/{rel}","templated":true}]}}