{"id":1464,"date":"2016-01-20T20:38:58","date_gmt":"2016-01-21T01:38:58","guid":{"rendered":"http:\/\/simlog.com\/es\/product\/%e2%80%8belectric-rope-shovel-personal-simulator\/"},"modified":"2023-07-28T11:54:47","modified_gmt":"2023-07-28T15:54:47","slug":"simulador-personal-pala-para-mineria","status":"publish","type":"product","link":"https:\/\/www.simlog.com\/es\/product\/simulador-personal-pala-para-mineria\/","title":{"rendered":"Simulador Personal de Pala para Miner\u00eda"},"content":{"rendered":"<p>El\u00a0Simulador Personal de Pala para Miner\u00eda\u00a0lo pone al mando de una pala para miner\u00eda en una mina virtual en interacci\u00f3n con un Cami\u00f3n de miner\u00eda.<\/p>\n<p>El simulador presenta diferentes situaciones para\u00a0atender las necesidades de formaci\u00f3n de una amplia variedad de clientes que utilizan diferentes pr\u00e1cticas operativas .<\/p>\n<p>Puede usar su propio PC o elegir nuestro Paquete con PC, que trae el software de Simlog ya instalado, con licencia, y listo para funcionar en espa\u00f1ol, ingl\u00e9s o franc\u00e9s.<\/p>\n<div id=\"spoon-plugin-kncgbdglledmjmpnikebkagnchfdehbm-2\" style=\"display: none;\"><\/div>\n","protected":false},"featured_media":3215,"template":"","class_list":["post-1464","product","type-product","status-publish","has-post-thumbnail","hentry","product_cat-todas","product_cat-minera"],"_links":{"self":[{"href":"https:\/\/www.simlog.com\/es\/wp-json\/wp\/v2\/product\/1464","targetHints":{"allow":["GET"]}}],"collection":[{"href":"https:\/\/www.simlog.com\/es\/wp-json\/wp\/v2\/product"}],"about":[{"href":"https:\/\/www.simlog.com\/es\/wp-json\/wp\/v2\/types\/product"}],"wp:featuredmedia":[{"embeddable":true,"href":"https:\/\/www.simlog.com\/es\/wp-json\/wp\/v2\/media\/3215"}],"wp:attachment":[{"href":"https:\/\/www.simlog.com\/es\/wp-json\/wp\/v2\/media?parent=1464"}],"curies":[{"name":"wp","href":"https:\/\/api.w.org\/{rel}","templated":true}]}}