{"id":1460,"date":"2016-01-20T20:39:13","date_gmt":"2016-01-21T01:39:13","guid":{"rendered":"http:\/\/simlog.com\/es\/product\/%e2%80%8boff-highway-truck-personal-simulator\/"},"modified":"2023-07-28T11:54:01","modified_gmt":"2023-07-28T15:54:01","slug":"simulador-personal-camion-obras","status":"publish","type":"product","link":"https:\/\/www.simlog.com\/es\/product\/simulador-personal-camion-obras\/","title":{"rendered":"Simulador Personal de Cami\u00f3n de Obras"},"content":{"rendered":"<p>El nuevo Simulador Personal de cami\u00f3n de obras lo pone en los controles de un cami\u00f3n de acarreo en una mina virtual en interacci\u00f3n con un cargador de ruedas simulado. La versi\u00f3n 2.0 trae mejoras significativas incluyendo mejoras en los gr\u00e1ficos, el cami\u00f3n de extracci\u00f3n, el tablero y la cantera simulada. Nuevos niveles de conducci\u00f3n sobre piso mojado\/ resbaladizo y varios niveles de niebla tambi\u00e9n hacen parte de esta versi\u00f3n. Cuatro \u00a0m\u00f3dulos de simulaci\u00f3n nuevos\u00a0se han a\u00f1adido incluyendo un m\u00f3dulo que permite practicar la conducci\u00f3n en reversa. Tambi\u00e9n hay nuevos indicadores de rendimiento asociados con la gesti\u00f3n de los neum\u00e1ticos y las pr\u00e1cticas de operaci\u00f3n deficientes.<\/p>\n<p>Puede utilizar su propio PC o elegir la comodidad de nuestro paquete de PC con el software de Simlog ya instalado, y listo para funcionar en Ingl\u00e9s, franc\u00e9s, espa\u00f1ol o portugu\u00e9s. Podra usar unas funciones del teclado y el mouse para cambiar los puntos de vista durante la simulaci\u00f3n.<\/p>\n<p>Ahora use 3 pantallas para crear un campo de visi\u00f3n de 180 grados. (Si el espacio es limitado se puede usar una sola pantalla).<\/p>\n<div id=\"spoon-plugin-kncgbdglledmjmpnikebkagnchfdehbm-2\" style=\"display: none;\"><\/div>\n","protected":false},"featured_media":2152,"template":"","class_list":["post-1460","product","type-product","status-publish","has-post-thumbnail","hentry","product_cat-todas","product_cat-construccion","product_cat-minera"],"_links":{"self":[{"href":"https:\/\/www.simlog.com\/es\/wp-json\/wp\/v2\/product\/1460","targetHints":{"allow":["GET"]}}],"collection":[{"href":"https:\/\/www.simlog.com\/es\/wp-json\/wp\/v2\/product"}],"about":[{"href":"https:\/\/www.simlog.com\/es\/wp-json\/wp\/v2\/types\/product"}],"wp:featuredmedia":[{"embeddable":true,"href":"https:\/\/www.simlog.com\/es\/wp-json\/wp\/v2\/media\/2152"}],"wp:attachment":[{"href":"https:\/\/www.simlog.com\/es\/wp-json\/wp\/v2\/media?parent=1460"}],"curies":[{"name":"wp","href":"https:\/\/api.w.org\/{rel}","templated":true}]}}