{"id":466,"date":"2016-01-28T19:04:41","date_gmt":"2016-01-28T18:04:41","guid":{"rendered":"http:\/\/simlog.com\/es\/produits\/voir-nos-recommendations\/"},"modified":"2021-09-29T10:35:51","modified_gmt":"2021-09-29T14:35:51","slug":"pantallas","status":"publish","type":"page","link":"https:\/\/www.simlog.com\/es\/soporte\/pantallas\/","title":{"rendered":"Pantallas"},"content":{"rendered":"<p>Despu\u00e9s de elegir su computadora personal es el momento de pensar en las opciones de visualizaci\u00f3n.<\/p>\n<p>Las pantallas grandes que llenan en campo de visi\u00f3n y hacen de la experiencia de simulaci\u00f3n m\u00e1s convincente suelen ser la opci\u00f3n preferida, en lugar de los monitores m\u00e1s peque\u00f1os. Sin embargo, para los sistemas de escritorio un monitor peque\u00f1o puede ser la mejor opci\u00f3n.<\/p>\n<p>Para ayudarle a decidir, le presentamos\u00a0algunas recomendaciones generales. En caso de duda pongase en contacto con Simlog.<\/p>\n<h3>LED, LCD, Plasma, Videoproyecci\u00f3n etc.<\/h3>\n<p>Las pantallas para PC, de LCD, de Plasma y de Videoproyecci\u00f3n est\u00e1n ahora, al alcance de muchos presupuestos de capacitaci\u00f3n. Como siempre, hay que estudiar las ventajas e inconvenientes de estas tres tecnolog\u00edas, pero, en general, la &#8220;pantalla para PC&#8221; LCD (de formato 16:9) ser\u00e1 m\u00e1s liviana y m\u00e1s brillante. En particular, opte por modelos con frecuencia de refresco de 120 Hz para evitar as\u00ed marcas indeseables que aparecen cuando se la mueve sin cuidado.<\/p>\n<h3>Resoluci\u00f3n de visualizaci\u00f3n<\/h3>\n<p>Los televisores actuales ofrecen resoluci\u00f3n de pantalla sea de 1080p HD (alta definici\u00f3n) o de 4K UHD (ultra alta definici\u00f3n).<\/p>\n<p>Sin embargo, la mayor\u00eda de las tarjetas gr\u00e1ficas para PC son m\u00e1s adecuadas para la resoluci\u00f3n de pantalla 1080p HD, as\u00ed que si considera disponer de televisores 4K, verifique que tambi\u00e9n sean compatibles con la resoluci\u00f3n HD.<\/p>\n<h3>Tama\u00f1o de la pantalla<\/h3>\n<p>El tama\u00f1o de la pantalla depende de la distancia de observaci\u00f3n a la hora de elegir. Ahora bien, seg\u00fan los consejos para el &#8220;cine en casa&#8221;, hay que apuntar a un \u00e1ngulo de observaci\u00f3n de aproximadamente 30 a 40 grados.<\/p>\n<p>e damos las siguientes sugerencias::<\/p>\n<ul>\n<li>Para una distancia de 4 pies (1.2m), elija una pantalla de 40 pulgadas de diagonal<\/li>\n<li>Para una distancia de 5 pies (1.5m), elija una pantalla de 52 pulgadas de diagonal<\/li>\n<li>Para una distancia de 6 pies (1.8m), elija una pantalla de 60 pulgadas de diagonal.<\/li>\n<\/ul>\n<h3>Disposici\u00f3n vertical<\/h3>\n<p>En general, cuando se mira hacia el frente, los ojos deben estar alineados con el centro de la pantalla. Pero debido a que las personas var\u00edan en altura, Simlog recomienda ajustar la posici\u00f3n vertical de manera que para la mayor\u00eda de la gente, sus ojos se ubiquen en el segundo tercio de la pantalla, cerca de 1\/3 desde la parte inferior y 1\/3 desde la parte superior.<\/p>\n<h3>Conectar\u00a0la computadora a la pantalla<\/h3>\n<p>Por \u00faltimo, para obtener mejores resultados, elija la salida digital DVI (Digital Video Interface) o HDMI (High Definition Multimedia Interface) para conectar la computadora a la pantalla. Sino, deber\u00e1 elegir una pantalla con un puerto de entrada VGA (Video Graphics Array).<\/p>\n<div id=\"spoon-plugin-kncgbdglledmjmpnikebkagnchfdehbm-2\" style=\"display: none;\"><\/div>\n","protected":false},"excerpt":{"rendered":"<p>Despu\u00e9s de elegir su computadora personal es el momento de pensar en las opciones de visualizaci\u00f3n. Las pantallas grandes que llenan en campo de visi\u00f3n y hacen de la experiencia de simulaci\u00f3n m\u00e1s convincente suelen ser la opci\u00f3n preferida, en lugar de los monitores m\u00e1s peque\u00f1os. Sin embargo, para los sistemas de escritorio un monitor &hellip; <a href=\"https:\/\/www.simlog.com\/es\/soporte\/pantallas\/\">Continued<\/a><\/p>\n","protected":false},"author":1,"featured_media":0,"parent":419,"menu_order":3,"comment_status":"closed","ping_status":"closed","template":"","meta":{"_monsterinsights_skip_tracking":false,"_monsterinsights_sitenote_active":false,"_monsterinsights_sitenote_note":"","_monsterinsights_sitenote_category":0,"footnotes":""},"class_list":["post-466","page","type-page","status-publish","hentry"],"_links":{"self":[{"href":"https:\/\/www.simlog.com\/es\/wp-json\/wp\/v2\/pages\/466","targetHints":{"allow":["GET"]}}],"collection":[{"href":"https:\/\/www.simlog.com\/es\/wp-json\/wp\/v2\/pages"}],"about":[{"href":"https:\/\/www.simlog.com\/es\/wp-json\/wp\/v2\/types\/page"}],"author":[{"embeddable":true,"href":"https:\/\/www.simlog.com\/es\/wp-json\/wp\/v2\/users\/1"}],"replies":[{"embeddable":true,"href":"https:\/\/www.simlog.com\/es\/wp-json\/wp\/v2\/comments?post=466"}],"version-history":[{"count":2,"href":"https:\/\/www.simlog.com\/es\/wp-json\/wp\/v2\/pages\/466\/revisions"}],"predecessor-version":[{"id":4658,"href":"https:\/\/www.simlog.com\/es\/wp-json\/wp\/v2\/pages\/466\/revisions\/4658"}],"up":[{"embeddable":true,"href":"https:\/\/www.simlog.com\/es\/wp-json\/wp\/v2\/pages\/419"}],"wp:attachment":[{"href":"https:\/\/www.simlog.com\/es\/wp-json\/wp\/v2\/media?parent=466"}],"curies":[{"name":"wp","href":"https:\/\/api.w.org\/{rel}","templated":true}]}}