{"id":465,"date":"2016-01-25T17:24:55","date_gmt":"2016-01-25T16:24:55","guid":{"rendered":"http:\/\/simlog.com\/es\/produits\/pc-de-simlog\/"},"modified":"2021-09-29T10:35:50","modified_gmt":"2021-09-29T14:35:50","slug":"paquete-pc","status":"publish","type":"page","link":"https:\/\/www.simlog.com\/es\/soporte\/paquete-pc\/","title":{"rendered":"Paquete con PC"},"content":{"rendered":"<h3>Acerca del Paquete con PC de Simlog<\/h3>\n<p>Los Simuladores Personales de Simlog son reconocidos en todo el mundo gracias a su configuraci\u00f3n r\u00e1pida y f\u00e1cil.<\/p>\n<p>Sin embargo, para hacer las cosas m\u00e1s r\u00e1pidas y f\u00e1ciles ofrecemos el Paquete con PC que cuenta con un PC o laptop comercial (con garant\u00eda extendida), con los requerimientos ideales para los simuladores de Simlog y la licencia del Simulador Personal ya instalada y probada.\u00a0Como paso final, le transferimos la propiedad del\u00a0PC de manera que pueda obtener soporte t\u00e9cnico <strong>local<\/strong> del fabricante, dondequiera que se encuentre (en su propia zona horaria e\u00a0idioma local).<\/p>\n<p>De esta manera, eliminar\u00e1 la incertidumbre de elegir un PC adecuado, y la necesidad de configurarlo para que funcione con el software de Simlog. Solo agregue una pantalla adecuada y altavoces y estar\u00e1 listo para empezar.<\/p>\n<h3>El Paquete con PC para Laboratorios\u00a0de Simulaci\u00f3n<\/h3>\n<p>Cuando varias estaciones de simuladores hacen parte de un laboratorio\u00a0de simulaci\u00f3n, los equipos deben estar conectados en red para compartir el Gestor de Simulaci\u00f3n de Simlog (instalado en uno de estos PCs). El Paquete con PC de Simlog hace este procedimiento m\u00e1s f\u00e1cil ya que configuraremos todos los PCs con simulador para que pue soporten estas redes.<\/p>\n<h3>Servicios In Situ<\/h3>\n<p>Adem\u00e1s de proporcionar un PC adecuado (o varios PCS en el caso de un laboratorio de simulaci\u00f3n) , Simlog tambi\u00e9n puede proporcionar servicios in situ, que le ayudaran a estar operacional lo m\u00e1s r\u00e1pidamente posible. Le ayudaremos con la configuraci\u00f3n de los equipos y el software y le proporcionamos formaci\u00f3n sobre el uso de los Simuladores Personales.<\/p>\n<h3>M\u00e1s informaci\u00f3n<\/h3>\n<p>Para aprender m\u00e1s sobre nuestro Paquete con PC para los Simuladores Personales y acerca de nuestros distribuidores en todo el mundo, por favor p\u00f3ngase en <a href=\"http:\/\/simlog.com\/es\/contacto\/\" target=\"_blank\" rel=\"noopener\">contacto con Simlog<\/a>.<\/p>\n<div id=\"spoon-plugin-kncgbdglledmjmpnikebkagnchfdehbm-2\" style=\"display: none;\"><\/div>\n","protected":false},"excerpt":{"rendered":"<p>Acerca del Paquete con PC de Simlog Los Simuladores Personales de Simlog son reconocidos en todo el mundo gracias a su configuraci\u00f3n r\u00e1pida y f\u00e1cil. Sin embargo, para hacer las cosas m\u00e1s r\u00e1pidas y f\u00e1ciles ofrecemos el Paquete con PC que cuenta con un PC o laptop comercial (con garant\u00eda extendida), con los requerimientos ideales &hellip; <a href=\"https:\/\/www.simlog.com\/es\/soporte\/paquete-pc\/\">Continued<\/a><\/p>\n","protected":false},"author":1,"featured_media":0,"parent":419,"menu_order":1,"comment_status":"closed","ping_status":"closed","template":"","meta":{"_monsterinsights_skip_tracking":false,"_monsterinsights_sitenote_active":false,"_monsterinsights_sitenote_note":"","_monsterinsights_sitenote_category":0,"footnotes":""},"class_list":["post-465","page","type-page","status-publish","hentry"],"_links":{"self":[{"href":"https:\/\/www.simlog.com\/es\/wp-json\/wp\/v2\/pages\/465","targetHints":{"allow":["GET"]}}],"collection":[{"href":"https:\/\/www.simlog.com\/es\/wp-json\/wp\/v2\/pages"}],"about":[{"href":"https:\/\/www.simlog.com\/es\/wp-json\/wp\/v2\/types\/page"}],"author":[{"embeddable":true,"href":"https:\/\/www.simlog.com\/es\/wp-json\/wp\/v2\/users\/1"}],"replies":[{"embeddable":true,"href":"https:\/\/www.simlog.com\/es\/wp-json\/wp\/v2\/comments?post=465"}],"version-history":[{"count":3,"href":"https:\/\/www.simlog.com\/es\/wp-json\/wp\/v2\/pages\/465\/revisions"}],"predecessor-version":[{"id":7046,"href":"https:\/\/www.simlog.com\/es\/wp-json\/wp\/v2\/pages\/465\/revisions\/7046"}],"up":[{"embeddable":true,"href":"https:\/\/www.simlog.com\/es\/wp-json\/wp\/v2\/pages\/419"}],"wp:attachment":[{"href":"https:\/\/www.simlog.com\/es\/wp-json\/wp\/v2\/media?parent=465"}],"curies":[{"name":"wp","href":"https:\/\/api.w.org\/{rel}","templated":true}]}}