{"id":464,"date":"2016-01-25T17:08:22","date_gmt":"2016-01-25T16:08:22","guid":{"rendered":"http:\/\/simlog.com\/es\/produits\/utiliser-votre-pc\/"},"modified":"2025-10-30T15:20:28","modified_gmt":"2025-10-30T19:20:28","slug":"use-su-pc","status":"publish","type":"page","link":"https:\/\/www.simlog.com\/es\/soporte\/use-su-pc\/","title":{"rendered":"Use su PC"},"content":{"rendered":"<p>Los Simuladores personales de Simlog son aplicaciones 3-D en tiempo real, y por lo tanto su PC necesitara suficiente capacidad grafica y de c\u00e1lculo. Debido a esto muchos PCs, incluso los nuevos, no son adecuados; especialmente los que cuentan con &#8220;tarjetas de gr\u00e1ficos integrados&#8221;, que son 20 a 40 veces m\u00e1s lentos que PCs con tarjetas de gr\u00e1ficos separadas.<\/p>\n<p>A continuaci\u00f3n Simlog le presentara los requisitos m\u00ednimos de configuraci\u00f3n de su PC para obtener un funcionamiento adecuado para todos nuestros Simuladores personales. Aunque los requisitos presentados son t\u00edpicos de computadoras de alta gama, es posible utilizar computadoras con componentes de menor potencia.<\/p>\n<p>Para cualquier informaci\u00f3n, y en particular sobre requisitos de PCs para los productos que permiten m\u00faltiples pantallas, por favor contactar a Simlog.<\/p>\n<table width=\"100%\">\n<tbody>\n<tr>\n<td style=\"text-align: center;\"><b>Componente<\/b><\/td>\n<td style=\"text-align: center;\"><b>Computadora Desktop<\/b><\/td>\n<td style=\"text-align: center;\"><b>Computadora Laptop<\/b><\/td>\n<\/tr>\n<tr>\n<td style=\"text-align: center;\">Sistema operativo<\/td>\n<td style=\"text-align: center;\">Windows 11 Pro<\/td>\n<td style=\"text-align: center;\">Windows 11 Pro<\/td>\n<\/tr>\n<tr>\n<td style=\"text-align: center;\">CPU<\/td>\n<td style=\"text-align: center;\">Intel Core i7 @ 3.0GHz,<br \/>\nIntel Core Ultra 7 @ 4.7GHz o mejor<\/td>\n<td style=\"text-align: center;\">Intel Core i7 @ 3.0GHz,<br \/>\nIntel Core Ultra 7 @ 4.7GHz o mejor<\/td>\n<\/tr>\n<tr>\n<td style=\"text-align: center;\">RAM (memoria principal)<\/td>\n<td style=\"text-align: center;\">32 GB de RAM<\/td>\n<td style=\"text-align: center;\">\u00a032 GB de RAM<\/td>\n<\/tr>\n<tr>\n<td style=\"text-align: center;\">Tarjeta grafica<\/td>\n<td style=\"text-align: center;\"><strong>Configuraci\u00f3n con 1 pantalla:<br \/>\n<\/strong>NVIDIA GeForce RTX <strong>Serie 5000<\/strong>: <strong>5070 o superior <\/strong>con al menos 8 GB de GDDR5 (memoria de video)<br \/>\n<strong>Configuraci\u00f3n con m\u00faltiples pantallas:<br \/>\n<\/strong>NVIDIA GeForce RTX <strong>Serie 5000<\/strong>: <strong>5080 o superior <\/strong>con al menos 16 GB de GDDR5 (memoria de video)<br \/>\n(Las tarjetas NVIDIA Quadro, generaci\u00f3n Ada, serie T and serie RTX A; AMD no son compatibles)<\/td>\n<td style=\"text-align: center;\"><strong>Configuraci\u00f3n con 1 pantalla:<br \/>\n<\/strong>NVIDIA GeForce RTX <strong>Serie 5000<\/strong>: <strong>5080 o superior <\/strong>con al menos 8 GB de GDDR5 (memoria de video)<br \/>\n<strong>Configuraci\u00f3n con m\u00faltiples pantallas:<br \/>\n<\/strong>NVIDIA GeForce RTX\u00a0<strong>5090 <\/strong>con al menos 16 GB de GDDR5 (memoria de video)<br \/>\n(Las tarjetas NVIDIA Quadro, generaci\u00f3n Ada, serie T and serie RTX A; AMD no son compatibles)<\/td>\n<\/tr>\n<tr>\n<td style=\"text-align: center;\">Disco duro<\/td>\n<td style=\"text-align: center;\">Espacio libre de al menos 8GB<\/td>\n<td style=\"text-align: center;\">Espacio libre de al menos 8GB<\/td>\n<\/tr>\n<tr>\n<td style=\"text-align: center;\">Monitor<\/td>\n<td style=\"text-align: center;\">(ver nota sobre pantallas)<\/td>\n<td style=\"text-align: center;\">(ver nota sobre pantallas)<\/td>\n<\/tr>\n<tr>\n<td style=\"text-align: center;\">Entrada\/Salida<\/td>\n<td style=\"text-align: center;\">Suficientes puertos USB 2.0\u00a0 &#8220;A&#8221; para sus controles del simulador + 1 salida de audio (ver nota sobre sonidos)<\/td>\n<td style=\"text-align: center;\">Suficientes puertos USB 2.0 &#8220;A&#8221; para sus controles del simulador + 1 salida de audio (ver nota sobre sonidos)<\/td>\n<\/tr>\n<tr>\n<td style=\"text-align: center;\" rowspan=\"4\">Requisitos para salida de video<\/td>\n<td rowspan=\"2\">\n<p style=\"text-align: center;\"><strong>Configuraci\u00f3n con 1 a 3 pantallas<br \/>\n(modo horizontal o vertical)<br \/>\n<\/strong>Debe tener un m\u00ednimo de 3 salidas de video<br \/>\n(conexiones HDMI y\/o DisplayPort) en la tarjeta gr\u00e1fica.<\/p>\n<\/td>\n<td>\n<p style=\"text-align: center;\"><strong>Configuraci\u00f3n con 1 pantalla<br \/>\n(modo horizontal o vertical)<br \/>\n<\/strong>Debe tener al menos 1 salida de video<br \/>\n(conexi\u00f3n HDMI y\/o miniDisplayPort)<\/p>\n<\/td>\n<\/tr>\n<tr>\n<td>\n<p style=\"text-align: center;\"><strong>Configuraci\u00f3n con 2 pantallas<br \/>\n(modo horizontal o vertical)<br \/>\n<\/strong>Debe tener un m\u00ednimo de 2 salidas de video<br \/>\n(conexiones HDMI y miniDisplayPort)<\/p>\n<\/td>\n<\/tr>\n<tr>\n<td rowspan=\"2\">\n<p style=\"text-align: center;\"><strong>Configuraci\u00f3n con 4 pantallas<br \/>\n(modo horizontal o vertical)<br \/>\n<\/strong>Debe tener un m\u00ednimo de 4 salidas de video<br \/>\n(conexiones HDMI y\/o DisplayPort) en la tarjeta gr\u00e1fica.<\/p>\n<\/td>\n<td>\n<p style=\"text-align: center;\"><strong>Configuraci\u00f3n con 3 pantallas<br \/>\n(modo horizontal o vertical)<br \/>\n<\/strong>Debe tener al menos 1 salida de video<br \/>\n(conexi\u00f3n HDMI y\/o miniDisplayPort)<br \/>\ny<br \/>\nhaber adquirido <a target=\"_blank\" href=\"https:\/\/video.matrox.com\/en\/products\/video-walls\/quadhead2go-series\/q155-appliance\" rel=\"noopener\">Matrox QuadHead2Go Q155 Edition<\/a><\/p>\n<\/td>\n<\/tr>\n<tr>\n<td>\n<p style=\"text-align: center;\"><strong>Configuraci\u00f3n con 4 pantallas<br \/>\n(modo horizontal o vertical)<br \/>\n<\/strong>Debe tener un m\u00ednimo de 2 salidas de video<br \/>\n(conexiones HDMI y miniDisplayPort)<br \/>\ny<br \/>\nhaber adquirido <a target=\"_blank\" href=\"https:\/\/video.matrox.com\/en\/products\/video-walls\/quadhead2go-series\/q155-appliance\" rel=\"noopener\">Matrox QuadHead2Go Q155 Edition<\/a><\/p>\n<\/td>\n<\/tr>\n<\/tbody>\n<\/table>\n<h3><\/h3>\n<h3>Pantallas<\/h3>\n<p>En caso de utilizar un televisor LCD como monitor, por favor consulte las recomendaciones acerca de pantallas de Simlog. Si planea utilizar este tipo de monitor, por favor aseg\u00farese que su PC tenga puerto HDMI 1.4. Los puertos DVI y VGA son comunes, pero de menor calidad.<\/p>\n<h3>Soporte para m\u00faltiples pantallas<\/h3>\n<p>Las configuraciones con m\u00faltiples pantallas requieren que su computador tenga m\u00faltiples se\u00f1ales de salida de v\u00eddeo. En el caso de las tres pantallas colocadas en frente de los controles, es necesario formar un \u00fanico escritorio de Windows. Esto puede ser logrado de diferentes maneras:<\/p>\n<ul>\n<li>Un computador de escritorio con una sola tarjeta gr\u00e1fica NVIDIA con 3 o m\u00e1s salidas de v\u00eddeo (una pantalla por salida).<\/li>\n<li>Un computador de escritorio con 2 tarjetas gr\u00e1ficas id\u00e9nticas de alto rendimiento NVIDIA conectadas en una configuraci\u00f3n NVIDIA SLI con 3 o m\u00e1s salidas de v\u00eddeo (una pantalla por salida, repartidas en las 2 tarjetas).<\/li>\n<li>Un computador de escritorio o port\u00e1til con una tarjeta gr\u00e1fica NVIDIA de alto rendimiento, pero s\u00f3lo una salida de v\u00eddeo DisplayPort , conectado a un adaptador multi-pantalla externa para manejar las 3 pantallas (Simlog recomienda la <a target=\"_blank\" href=\"https:\/\/video.matrox.com\/en\/products\/video-walls\/quadhead2go-series\/q155-appliance\" rel=\"noopener\">Matrox QuadHead2Go Q155 Edition<\/a>).<\/li>\n<\/ul>\n<p>Tenga en cuenta que dependiendo de la opci\u00f3n que elija, puede que tambi\u00e9n necesite adaptadores de puerto de video para conectar las salidas de v\u00eddeo a las entradas de v\u00eddeo de sus pantallas.<\/p>\n<p><strong>Nota:\u00a0<\/strong> Para los reuisitos minimos al usar multiples pantallas por favor pongase en contacto con Simlog.<\/p>\n<h3>Sonidos<\/h3>\n<p>Simlog recomienda una tarjeta de sonido de alta calidad (integrada o no) para la reproducci\u00f3n de los sonidos generados por el Simulador personal.<\/p>\n<p>El uso de altavoces, particularmente un sistema de sonido &#8220;2.1&#8221;, compuesto por un &#8220;sub-woofer&#8221; y dos &#8220;tweeters&#8221;, mejorar\u00e1 considerablemente la experiencia. En el caso de talleres de simulaci\u00f3n, se recomienda el uso de aud\u00edfonos en cada estaci\u00f3n.<\/p>\n<h3>Ponder en Red sus PCs<\/h3>\n<p>En el caso de los laboratorios de simulaci\u00f3n, si ha licenciado su software de simulaci\u00f3n para trabajar con el\u00a0gestor de simulaci\u00f3n de Simlog, entonces se recomienda localizar y conectar todos los PCs usando una red dedicada.<\/p>\n<h3>Electricidad<\/h3>\n<p>Por \u00faltimo, se recomienda el uso de unidades UPS (Uninterrupted Power System) para proteger su PC de problemas con cambios de voltaje en la corriente el\u00e9ctrica. En la mayor\u00eda de los casos, una unidad UPS de 750 a 1500 VA deber\u00eda de ser suficiente, dependiendo de las condiciones locales. Para m\u00e1s informaci\u00f3n sobre la necesidad de una unidad UPS, por favor consultar con un electricista.<\/p>\n<div id=\"spoon-plugin-kncgbdglledmjmpnikebkagnchfdehbm-2\" style=\"display: none;\"><\/div>\n","protected":false},"excerpt":{"rendered":"<p>Los Simuladores personales de Simlog son aplicaciones 3-D en tiempo real, y por lo tanto su PC necesitara suficiente capacidad grafica y de c\u00e1lculo. Debido a esto muchos PCs, incluso los nuevos, no son adecuados; especialmente los que cuentan con &#8220;tarjetas de gr\u00e1ficos integrados&#8221;, que son 20 a 40 veces m\u00e1s lentos que PCs con &hellip; <a href=\"https:\/\/www.simlog.com\/es\/soporte\/use-su-pc\/\">Continued<\/a><\/p>\n","protected":false},"author":6,"featured_media":0,"parent":419,"menu_order":2,"comment_status":"closed","ping_status":"closed","template":"","meta":{"_monsterinsights_skip_tracking":false,"_monsterinsights_sitenote_active":false,"_monsterinsights_sitenote_note":"","_monsterinsights_sitenote_category":0,"footnotes":""},"class_list":["post-464","page","type-page","status-publish","hentry"],"_links":{"self":[{"href":"https:\/\/www.simlog.com\/es\/wp-json\/wp\/v2\/pages\/464","targetHints":{"allow":["GET"]}}],"collection":[{"href":"https:\/\/www.simlog.com\/es\/wp-json\/wp\/v2\/pages"}],"about":[{"href":"https:\/\/www.simlog.com\/es\/wp-json\/wp\/v2\/types\/page"}],"author":[{"embeddable":true,"href":"https:\/\/www.simlog.com\/es\/wp-json\/wp\/v2\/users\/6"}],"replies":[{"embeddable":true,"href":"https:\/\/www.simlog.com\/es\/wp-json\/wp\/v2\/comments?post=464"}],"version-history":[{"count":35,"href":"https:\/\/www.simlog.com\/es\/wp-json\/wp\/v2\/pages\/464\/revisions"}],"predecessor-version":[{"id":8789,"href":"https:\/\/www.simlog.com\/es\/wp-json\/wp\/v2\/pages\/464\/revisions\/8789"}],"up":[{"embeddable":true,"href":"https:\/\/www.simlog.com\/es\/wp-json\/wp\/v2\/pages\/419"}],"wp:attachment":[{"href":"https:\/\/www.simlog.com\/es\/wp-json\/wp\/v2\/media?parent=464"}],"curies":[{"name":"wp","href":"https:\/\/api.w.org\/{rel}","templated":true}]}}