{"id":430,"date":"2016-01-22T22:11:59","date_gmt":"2016-01-22T21:11:59","guid":{"rendered":"http:\/\/simlog.com\/es\/terms-and-conditions\/"},"modified":"2021-09-29T10:35:50","modified_gmt":"2021-09-29T14:35:50","slug":"terminos-y-condiciones","status":"publish","type":"page","link":"https:\/\/www.simlog.com\/es\/terminos-y-condiciones\/","title":{"rendered":"T\u00e9rminos y condiciones"},"content":{"rendered":"<p>Todos los derechos, incluso los derechos de autor, relacionados con el contenido del sitio Web de Simlog son de propiedad de Simlog, o controlados por Simlog para responder a nuestras necesidades, salvo aviso en contrario de Simlog. En particular, este contenido comprende textos, im\u00e1genes, etc. que constituyen marcas oficiales, marcas registradas y marcas comerciales de Simlog y de sus asociados. A t\u00edtulo de ejemplo, &#8220;Simlog&#8221; (nombre y logo) es una marca comercial.<\/p>\n<p>Todo el contenido del sitio Web de Simlog, incluso el dise\u00f1o de la compaginaci\u00f3n y de los enlaces de navegaci\u00f3n, est\u00e1n protegidos por las leyes canadienses e internacionales sobre el derecho de autor y las marcas comerciales, as\u00ed como por otras leyes.<\/p>\n<p>Al visitar nuestro sitio Web, usted est\u00e1 aceptando estos t\u00e9rminos y condiciones.<\/p>\n<h3><b>Uso<\/b><\/h3>\n<p>Los visitantes del sitio Web de Simlog podr\u00e1n copiar, imprimir y descargar el contenido para su uso personal y no comercial \u00fanicamente, en la medida en que todos los derechos de autor y de avisos de propiedad fueran adoptados. El uso del contenido del sitio Web de Simlog para cualquier otro fin est\u00e1 estrictamente prohibido, incluso la venta o la compra con fines comerciales, salvo aviso en contrario de Simlog.<\/p>\n<h3><b>Renuncia de responsabilidad<\/b><\/h3>\n<p>El contenido del sitio Web de Simlog se ofrece &#8220;tal cual&#8221; y &#8220;seg\u00fan disponibilidad&#8221;. En particular, aunque hayamos preparado este contenido con cuidado, Simlog no excluye la posibilidad de que se presenten errores o inexactitudes. Adem\u00e1s, el sitio puede contener enlaces hacia sitios Web de terceros, lo que no implica el endoso o la aprobaci\u00f3n por parte de Simlog del contenido de dichos sitios.<\/p>\n<h3><b>Modificaciones<\/b><\/h3>\n<p>Simlog se reserva el derecho de modificar estos t\u00e9rminos y condiciones mediante la publicaci\u00f3n de los cambios en su p\u00e1gina Web.<\/p>\n<p>\u00bfTiene preguntas? Por favor contactar a Simlog.<\/p>\n<div id=\"spoon-plugin-kncgbdglledmjmpnikebkagnchfdehbm-2\" style=\"display: none;\"><\/div>\n","protected":false},"excerpt":{"rendered":"<p>Todos los derechos, incluso los derechos de autor, relacionados con el contenido del sitio Web de Simlog son de propiedad de Simlog, o controlados por Simlog para responder a nuestras necesidades, salvo aviso en contrario de Simlog. En particular, este contenido comprende textos, im\u00e1genes, etc. que constituyen marcas oficiales, marcas registradas y marcas comerciales de &hellip; <a href=\"https:\/\/www.simlog.com\/es\/terminos-y-condiciones\/\">Continued<\/a><\/p>\n","protected":false},"author":1,"featured_media":0,"parent":0,"menu_order":50,"comment_status":"closed","ping_status":"closed","template":"","meta":{"_monsterinsights_skip_tracking":false,"_monsterinsights_sitenote_active":false,"_monsterinsights_sitenote_note":"","_monsterinsights_sitenote_category":0,"footnotes":""},"class_list":["post-430","page","type-page","status-publish","hentry"],"_links":{"self":[{"href":"https:\/\/www.simlog.com\/es\/wp-json\/wp\/v2\/pages\/430","targetHints":{"allow":["GET"]}}],"collection":[{"href":"https:\/\/www.simlog.com\/es\/wp-json\/wp\/v2\/pages"}],"about":[{"href":"https:\/\/www.simlog.com\/es\/wp-json\/wp\/v2\/types\/page"}],"author":[{"embeddable":true,"href":"https:\/\/www.simlog.com\/es\/wp-json\/wp\/v2\/users\/1"}],"replies":[{"embeddable":true,"href":"https:\/\/www.simlog.com\/es\/wp-json\/wp\/v2\/comments?post=430"}],"version-history":[{"count":1,"href":"https:\/\/www.simlog.com\/es\/wp-json\/wp\/v2\/pages\/430\/revisions"}],"predecessor-version":[{"id":4209,"href":"https:\/\/www.simlog.com\/es\/wp-json\/wp\/v2\/pages\/430\/revisions\/4209"}],"wp:attachment":[{"href":"https:\/\/www.simlog.com\/es\/wp-json\/wp\/v2\/media?parent=430"}],"curies":[{"name":"wp","href":"https:\/\/api.w.org\/{rel}","templated":true}]}}