{"id":426,"date":"2016-01-18T20:52:05","date_gmt":"2016-01-18T19:52:05","guid":{"rendered":"http:\/\/simlog.com\/es\/contact-us\/"},"modified":"2024-09-23T11:48:56","modified_gmt":"2024-09-23T15:48:56","slug":"contacto","status":"publish","type":"page","link":"https:\/\/www.simlog.com\/es\/contacto\/","title":{"rendered":"Contacto"},"content":{"rendered":"<p><span class=\"intro\">Simlog y sus\u00a0distribuidores, est\u00e1n dedicados a proporcionar el m\u00e1s alto nivel de servicio y apoyo a nuestros clientes en todo el mundo.<\/span><\/p>\n<p><span class=\"intro\">Para obtener informaci\u00f3n sobre el distribuidor m\u00e1s cercano, para obtener un presupuesto personalizado, o para programar una visita virutal, por favor complete el formulario. (Revisamos cuidadosamente todos los comentarios).<\/span><\/p>\n<h3>Informaci\u00f3n de contacto<\/h3>\n<p>Direcci\u00f3n:<br \/>\n1550 rue Metcalfe, Suite 900<br \/>\nMontreal (Quebec) H3A 1X6 CANADA<\/p>\n<p><strong>Tel\u00e9fono:<\/strong><br \/>\n514 861-3111 \u00a0[zona horaria del este]<\/p>\n<p><strong>N\u00famero gratuito:<\/strong><br \/>\n1 888-774-6564 (1-888-7-SIMLOG) en Am\u00e9rica del Norte<\/p>\n<p><strong>E-mail:<\/strong><br \/>\n<a href=\"mailto:info@simlog.com\">info@simlog.com<\/a><\/p>\n<p>&nbsp;<\/p>\n<p><img loading=\"lazy\" decoding=\"async\" class=\"wp-image-7184 aligncenter\" src=\"https:\/\/www.simlog.com\/wp-content\/uploads\/2021\/11\/purchasing-1024x512-1-300x150.jpg\" alt=\"\" width=\"596\" height=\"298\" \/><\/p>\n<div id=\"spoon-plugin-kncgbdglledmjmpnikebkagnchfdehbm-2\" style=\"display: none;\"><\/div>\n","protected":false},"excerpt":{"rendered":"<p>Simlog y sus\u00a0distribuidores, est\u00e1n dedicados a proporcionar el m\u00e1s alto nivel de servicio y apoyo a nuestros clientes en todo el mundo. Para obtener informaci\u00f3n sobre el distribuidor m\u00e1s cercano, para obtener un presupuesto personalizado, o para programar una visita virutal, por favor complete el formulario. (Revisamos cuidadosamente todos los comentarios). Informaci\u00f3n de contacto Direcci\u00f3n: &hellip; <a href=\"https:\/\/www.simlog.com\/es\/contacto\/\">Continued<\/a><\/p>\n","protected":false},"author":6,"featured_media":0,"parent":0,"menu_order":42,"comment_status":"closed","ping_status":"closed","template":"template-contact.php","meta":{"_monsterinsights_skip_tracking":false,"_monsterinsights_sitenote_active":false,"_monsterinsights_sitenote_note":"","_monsterinsights_sitenote_category":0,"footnotes":""},"class_list":["post-426","page","type-page","status-publish","hentry"],"_links":{"self":[{"href":"https:\/\/www.simlog.com\/es\/wp-json\/wp\/v2\/pages\/426","targetHints":{"allow":["GET"]}}],"collection":[{"href":"https:\/\/www.simlog.com\/es\/wp-json\/wp\/v2\/pages"}],"about":[{"href":"https:\/\/www.simlog.com\/es\/wp-json\/wp\/v2\/types\/page"}],"author":[{"embeddable":true,"href":"https:\/\/www.simlog.com\/es\/wp-json\/wp\/v2\/users\/6"}],"replies":[{"embeddable":true,"href":"https:\/\/www.simlog.com\/es\/wp-json\/wp\/v2\/comments?post=426"}],"version-history":[{"count":9,"href":"https:\/\/www.simlog.com\/es\/wp-json\/wp\/v2\/pages\/426\/revisions"}],"predecessor-version":[{"id":8324,"href":"https:\/\/www.simlog.com\/es\/wp-json\/wp\/v2\/pages\/426\/revisions\/8324"}],"wp:attachment":[{"href":"https:\/\/www.simlog.com\/es\/wp-json\/wp\/v2\/media?parent=426"}],"curies":[{"name":"wp","href":"https:\/\/api.w.org\/{rel}","templated":true}]}}