{"id":4214,"date":"2017-08-09T11:31:59","date_gmt":"2017-08-09T15:31:59","guid":{"rendered":"http:\/\/www.simlog.com\/?page_id=4214\/"},"modified":"2023-09-21T16:11:50","modified_gmt":"2023-09-21T20:11:50","slug":"politica-de-privacidad-de-simlog","status":"publish","type":"page","link":"https:\/\/www.simlog.com\/es\/politica-de-privacidad-de-simlog\/","title":{"rendered":"Pol\u00edtica de privacidad de Simlog"},"content":{"rendered":"<p>&#8220;La confianza es el motor de todo comercio&#8221;.<\/p>\n<p>En Simlog, creemos que es importante respetar la privacidad de las personas, y por este motivo, mencionaremos algunas cuestiones relativas a la recolecci\u00f3n y al uso de sus datos personales como visitante de nuestro sitio Web.<\/p>\n<p>Adem\u00e1s, como empresa canadiense en Quebec, nos vemos obligados a respetar las pautas de la\u00a0<a href=\"http:\/\/www.cai.gouv.qc.ca\/\">Commission d\u2019acc\u00e8s \u00e0 l\u2019information du Qu\u00e9bec<\/a> (Comisi\u00f3n de acceso a la informaci\u00f3n de Quebec), as\u00ed como tambi\u00e9n las del\u00a0<a href=\"https:\/\/www.priv.gc.ca\/\">Commissaire \u00e0 la protection de la vie priv\u00e9e du Canada<\/a>\u00a0(Auditor de la protecci\u00f3n de la vida privada de Canad\u00e1).<\/p>\n<h4><strong>Nuestros softwares<\/strong><\/h4>\n<p>Para la instalaci\u00f3n y el uso de los softwares de Simlog <em>no es necesaria una\u00a0conexi\u00f3n Internet<\/em>. Por consiguiente, no\u00a0existe ninguna comunicaci\u00f3n con Simlog para informarnos sobre sus actividades. Por otro lado, nuestro mecanismo de\u00a0<a href=\"https:\/\/www.simlog.com\/es\/soporte\/licencias\/\">licencia para el software<\/a>\u00a0tampoco exige una conexi\u00f3n a Internet.<\/p>\n<p>Tenga en cuenta tambi\u00e9n que los resultados de simulaci\u00f3n son archivados localmente. Nunca se almacena informaci\u00f3n &#8220;en la nube&#8221;, donde podr\u00eda estar sujeta a pirater\u00eda cibern\u00e9tica. De esta manera, toda la informaci\u00f3n se mantiene <em>privada<\/em> y <em>confidencial<\/em>, y dentro de sus propios locales.<\/p>\n<h4><strong>El sitio Web de Simlog<\/strong><\/h4>\n<p>Cuando visita nuestro sitio Web, todos los documentos disponibles pueden ser descargados gratuitamente (en formato PDF), sin ning\u00fan tipo de registro en el sitio Web.<\/p>\n<p>No utilizamos cookies, por lo que puede bloquearlas configurando su navegador. Tampoco hacemos un seguimiento de las direcciones IP.<\/p>\n<p>Como resultado, s\u00f3lo rastreamos informaci\u00f3n agregada como nombre de dominio, pa\u00eds de origen, navegador utilizado y p\u00e1ginas visitadas. Para obtener m\u00e1s informaci\u00f3n, consulte los\u00a0<a href=\"https:\/\/www.simlog.com\/es\/terminos-y-condiciones\/\">t\u00e9rminos y condiciones de uso<\/a>\u00a0de nuestro sitio Web.<\/p>\n<h4><strong>Sus datos personales (correo electr\u00f3nico, numero de tel\u00e9fono, etc.)<\/strong><\/h4>\n<p>S\u00f3lo conservamos las direcciones de correo electr\u00f3nico de personas que nos env\u00edan correos electr\u00f3nicos o completan un &#8220;Formulario de contacto&#8221; en nuestro sitio web.<\/p>\n<p>En cuanto a los n\u00fameros de tel\u00e9fono, si usted nos llama o nos proporciona un n\u00famero de tel\u00e9fono como parte de un &#8220;Formulario de contacto&#8221;, tambi\u00e9n conservaremos esos datos personales. (Lo mismo es cierto para los n\u00fameros de fax.)<\/p>\n<h4><strong>Noticias de Simlog<\/strong><\/h4>\n<p>Contamos con un mecanismo de &#8220;suscripci\u00f3n voluntaria&#8221; (una casilla de verificaci\u00f3n en el \u201cFormulario de contacto\u201d del sitio web) para asegurarnos de enviar actualizaciones o noticias sobre nuestros productos por correo electr\u00f3nico, solo a personas que desean recibirlas. Por supuesto, usted siempre puede optar por no recibir esos mensajes en cualquier momento poni\u00e9ndose en contacto con Simlog o haciendo clic en el enlace &#8220;cancelar suscripci\u00f3n&#8221; en nuestros mensajes promocionales.<\/p>\n<h4><strong>Privacidad<\/strong><\/h4>\n<p>En Simlog, cualquier dato personal recolectado permanece confidencial. Nunca ser\u00e1 vendido, y solo ser\u00e1 divulgado a un revendedor debidamente designado por nosotros, y que opera en una regi\u00f3n cerca de usted.<\/p>\n<p>Adem\u00e1s, tomamos las debidas precauciones para proteger esos datos personales y para asegurarnos de que permanezcan confidenciales. En particular, como se mencion\u00f3 anteriormente, no almacenamos nada en la \u201cnube&#8221; donde podr\u00eda estar sujeto a robo o alteraci\u00f3n cibern\u00e9tica. De esta manera, todo est\u00e1 asegurado detr\u00e1s de m\u00faltiples sistemas de protecci\u00f3n en Simlog (al igual que los datos confidenciales de Simlog). Y prometemos notificarle de manera oportuna si alguna vez se infringe esa protecci\u00f3n.<\/p>\n<h4><strong>Derecho a ser olvidado<\/strong><\/h4>\n<p>Usted puede, en cualquier momento, solicitar que eliminemos todos sus datos personales que Simlog haya recopilado, simplemente comunic\u00e1ndose con Simlog. Haremos lo mejor que podamos para que esto se haga de manera eficaz, a fin de respetar su &#8220;Derecho a ser olvidado&#8221;.<\/p>\n<p>\u00bfTiene preguntas? P\u00f3ngase en contacto con nuestro\u00a0 <a href=\"mailto:protection-renseignements-personnels@simlog.com\">responsable de la protection des renseignements personnels chez Simlog<\/a>.<\/p>\n","protected":false},"excerpt":{"rendered":"<p>&#8220;La confianza es el motor de todo comercio&#8221;. En Simlog, creemos que es importante respetar la privacidad de las personas, y por este motivo, mencionaremos algunas cuestiones relativas a la recolecci\u00f3n y al uso de sus datos personales como visitante de nuestro sitio Web. Adem\u00e1s, como empresa canadiense en Quebec, nos vemos obligados a respetar &hellip; <a href=\"https:\/\/www.simlog.com\/es\/politica-de-privacidad-de-simlog\/\">Continued<\/a><\/p>\n","protected":false},"author":5,"featured_media":0,"parent":0,"menu_order":51,"comment_status":"closed","ping_status":"closed","template":"","meta":{"_monsterinsights_skip_tracking":false,"_monsterinsights_sitenote_active":false,"_monsterinsights_sitenote_note":"","_monsterinsights_sitenote_category":0,"footnotes":""},"class_list":["post-4214","page","type-page","status-publish","hentry"],"_links":{"self":[{"href":"https:\/\/www.simlog.com\/es\/wp-json\/wp\/v2\/pages\/4214","targetHints":{"allow":["GET"]}}],"collection":[{"href":"https:\/\/www.simlog.com\/es\/wp-json\/wp\/v2\/pages"}],"about":[{"href":"https:\/\/www.simlog.com\/es\/wp-json\/wp\/v2\/types\/page"}],"author":[{"embeddable":true,"href":"https:\/\/www.simlog.com\/es\/wp-json\/wp\/v2\/users\/5"}],"replies":[{"embeddable":true,"href":"https:\/\/www.simlog.com\/es\/wp-json\/wp\/v2\/comments?post=4214"}],"version-history":[{"count":9,"href":"https:\/\/www.simlog.com\/es\/wp-json\/wp\/v2\/pages\/4214\/revisions"}],"predecessor-version":[{"id":8130,"href":"https:\/\/www.simlog.com\/es\/wp-json\/wp\/v2\/pages\/4214\/revisions\/8130"}],"wp:attachment":[{"href":"https:\/\/www.simlog.com\/es\/wp-json\/wp\/v2\/media?parent=4214"}],"curies":[{"name":"wp","href":"https:\/\/api.w.org\/{rel}","templated":true}]}}