{"id":421,"date":"2016-01-28T19:22:22","date_gmt":"2016-01-28T18:22:22","guid":{"rendered":"http:\/\/simlog.com\/es\/support\/troubleshooting\/"},"modified":"2021-09-29T10:35:50","modified_gmt":"2021-09-29T14:35:50","slug":"solucion-problemas","status":"publish","type":"page","link":"https:\/\/www.simlog.com\/es\/soporte\/solucion-problemas\/","title":{"rendered":"Soluci\u00f3n de problemas"},"content":{"rendered":"<p>En Simlog tenemos la preocupaci\u00f3n de hacer con que nuestros softwares sean f\u00e1ciles de instalar y de usar. Por eso es que cada software tiene su \u201cManual del usuario\u201d accesible desde el men\u00fa \u201cAyuda\u201d. Por lo tanto, consulte el manual del usuario como un <em>primer<\/em> paso para solucionar un eventual problema.<\/p>\n<p>Como un <em>segundo<\/em> paso, Simlog ofrece aqu\u00ed algunos consejos para la soluci\u00f3n de problemas. Si a\u00fan encuentra dificultades, en un <em>tercer<\/em> paso, p\u00f3ngase en contacto con Simlog para obtener asistencia t\u00e9cnica.<\/p>\n<p><strong>Problemas con el software<\/strong><\/p>\n<p><strong> <img loading=\"lazy\" decoding=\"async\" width=\"23\" height=\"16\" class=\"alignnone size-full wp-image-3153\" src=\"http:\/\/simlog.com\/wp-content\/uploads\/2016\/01\/arrow_bulet.gif\" alt=\"arrow_bulet\" \/><\/strong> <strong>Mi <em>computadora de escritorio<\/em> tiene una tarjeta gr\u00e1fica de NVIDIA seg\u00fan las recomendaciones de Simlog, pero hay problemas con la visualizaci\u00f3n de la simulaci\u00f3n, el equipo simulado se mueve demasiado lentamente, etc. <\/strong><\/p>\n<ol>\n<li>Aseg\u00farese de haber conectado sus pantallas a las salidas de video de la tarjeta gr\u00e1fica NVIDIA de su PC. (Tambi\u00e9n puede haber salidas de video para la &#8220;placa base&#8221; de su computadora equipada con gr\u00e1ficos integrados Intel que ofrecen un rendimiento m\u00e1s bajo.)<\/li>\n<li>Si los problemas persisten, actualice el &#8220;controlador&#8221; de su tarjeta gr\u00e1fica NVIDIA descargando la versi\u00f3n m\u00e1s reciente desde el sitio web de NVIDIA (no del sitio web del fabricante de la computadora).<\/li>\n<\/ol>\n<p><strong><img loading=\"lazy\" decoding=\"async\" width=\"23\" height=\"16\" class=\"alignnone size-full wp-image-3153\" src=\"http:\/\/simlog.com\/wp-content\/uploads\/2016\/01\/arrow_bulet.gif\" alt=\"arrow_bulet\" \/>\u00a0<\/strong> <strong>Mi <em>computadora port\u00e1til<\/em> tiene una tarjeta gr\u00e1fica de NVIDIA seg\u00fan las recomendaciones de Simlog, pero hay problemas con la visualizaci\u00f3n de la simulaci\u00f3n, el equipo simulado se mueve demasiado lentamente, etc.<\/strong><\/p>\n<p>Algunas computadoras port\u00e1tiles est\u00e1n equipadas con dos tarjetas gr\u00e1ficas y, a menudo, es la tarjeta gr\u00e1fica menos potente Intel, integrada en la tarjeta maestra, que se propone por defecto.<\/p>\n<p>Por lo tanto, para activar la tarjeta gr\u00e1fica NVIDA (o para verificar que esta tarjeta ya se haya seleccionado), siga estos pasos:<\/p>\n<ol>\n<li>En el escritorio de Windows, haga clic con el bot\u00f3n derecho del mouse para abrir la ventana NVIDIA;<\/li>\n<li>En la lista que se muestra en esta ventana a la izquierda, elija &#8220;Controlar la configuraci\u00f3n 3D&#8221;;<\/li>\n<li>Luego, en el medio de la ventana, elija la pesta\u00f1a &#8220;Configuraci\u00f3n global&#8221; y luego seleccione su tarjeta gr\u00e1fica NVIDIA en la lista &#8220;Procesador gr\u00e1fico preferido&#8221; del men\u00fa desplegable.<\/li>\n<\/ol>\n<p><strong><img loading=\"lazy\" decoding=\"async\" width=\"23\" height=\"16\" class=\"alignnone size-full wp-image-3153\" src=\"http:\/\/simlog.com\/wp-content\/uploads\/2016\/01\/arrow_bulet.gif\" alt=\"arrow_bulet\" \/>\u00a0<\/strong> <strong>Mi software de simulaci\u00f3n est\u00e1 repentinamente en el modo de evaluaci\u00f3n (gratuito) en lugar del modo comercial (pago).<\/strong><\/p>\n<p>Al hacer un cambio en el hardware o en el software de su computadora, podr\u00e1 hacer cambiar el &#8220;C\u00f3digo de licencia&#8221; espec\u00edfico de su PC, por lo que ya no &#8220;coincidir\u00e1&#8221; con la &#8220;Clave de licencia&#8221; que Simlog proporcion\u00f3 anteriormente para activar el modo comercial. Por este motivo, deber\u00e1 ponerse en contacto con Simlog para solicitar una nueva licencia de software.<\/p>\n<p><strong>Tengo varias estaciones de simulaci\u00f3n con computadoras que est\u00e1n conectadas en red, pero cuando inicio un programa de simulaci\u00f3n, aparece un mensaje de error sobre el acceso a la base de datos del <em>Gestor de simulaci\u00f3n<\/em>.<\/strong><\/p>\n<p>El <em>Gestor de simulaci\u00f3n<\/em> de Simlog se basa en Microsoft Windows para las conexiones en red de computadoras. Por esa raz\u00f3n, aseg\u00farese de que la computadora con el <em>Gestor de simulaci\u00f3n<\/em> est\u00e9 encendida y conectada en red a la computadora con el programa de simulaci\u00f3n. Para obtener m\u00e1s detalles, consulte las instrucciones de instalaci\u00f3n en el <em>Manual del usuario<\/em> del <em>Gestor de simulaci\u00f3n<\/em>.<\/p>\n<p><strong>Problemas con los controles<\/strong><\/p>\n<p><strong><img loading=\"lazy\" decoding=\"async\" width=\"23\" height=\"16\" class=\"alignnone size-full wp-image-3153\" src=\"http:\/\/simlog.com\/wp-content\/uploads\/2016\/01\/arrow_bulet.gif\" alt=\"arrow_bulet\" \/><\/strong>\u00a0<strong>Los controles de mi simulador no funcionan como mostrado el diagrama proporcionado por Simlog.<\/strong><\/p>\n<p>Aseg\u00farese de haber seleccionado la opci\u00f3n correcta en el men\u00fa desplegable &#8220;Controles del simulador&#8221;, disponible en el men\u00fa principal &#8220;Opciones\/Controles\u2026&#8221;.<\/p>\n<p>En particular, si est\u00e1 usando un volante Logitech, primero debe instalar el controlador para ese volante y luego conectar el cable de alimentaci\u00f3n <em>antes<\/em> de usar el cable USB para conectarlo a su PC. Para obtener m\u00e1s detalles, consulte las instrucciones de instalaci\u00f3n en el Manual del usuario del programa de simulaci\u00f3n.<\/p>\n<p><strong><img loading=\"lazy\" decoding=\"async\" width=\"23\" height=\"16\" class=\"alignnone size-full wp-image-3153\" src=\"http:\/\/simlog.com\/wp-content\/uploads\/2016\/01\/arrow_bulet.gif\" alt=\"arrow_bulet\" \/><\/strong>\u00a0<strong>Mis controles del simulador est\u00e1n conectados a mi computadora, pero en el men\u00fa desplegable &#8220;Controles del simulador&#8221;, la \u00fanica opci\u00f3n que veo es &#8220;<\/strong><strong>Ninguno detectado<\/strong><strong>&#8220;.<\/strong><\/p>\n<p>Para cada opci\u00f3n en el men\u00fa desplegable &#8220;Controles del simulador&#8221; (disponible en el men\u00fa principal &#8220;Opciones\/Controles\u2026&#8221;), tiene que estar conectado un conjunto particular de dispositivos de control (joysticks, unidades de pedal, etc.). Por lo tanto, aseg\u00farese de haber conectado <em>todos<\/em> los dispositivos de control requeridos de acuerdo al diagrama de controles espec\u00edfico para ese conjunto de controles, prove\u00eddo por su programa de simulaci\u00f3n.<\/p>\n<p>Si ha conectado un dispositivo de control utilizando un concentrador USB, pero su PC no &#8220;reconoce&#8221; ese dispositivo, proceda de la siguiente manera:<\/p>\n<ul>\n<li>Desconecte el concentrador USB del PC, apague el concentrador desconect\u00e1ndolo de la corriente, vuelva a encender el concentrador conectando su cable de alimentaci\u00f3n de corriente, y luego vuelva a conectar el concentrador a un puerto USB del PC.<\/li>\n<li>Si el problema persiste, conecte el concentrador a su PC usando un puerto USB diferente.<\/li>\n<li>Si el problema persiste, conecte el cable USB del dispositivo de control directamente al PC (en lugar de usar el concentrador).<\/li>\n<li>Si el problema persiste, verifique que el dispositivo de control funcione con un PC diferente. Si el dispositivo aparece correctamente en la lista de &#8220;Controladores de juegos&#8221; de Windows en ese otro PC, entonces puede haber un problema de hardware de los puertos USB en su PC original.<\/li>\n<li>Finalmente, si el problema persiste en el segundo PC, podr\u00eda ser que haya un problema con el dispositivo de control y, por lo tanto, deber\u00e1 comunicarse con Simlog.<\/li>\n<\/ul>\n<p><strong><img loading=\"lazy\" decoding=\"async\" width=\"23\" height=\"16\" class=\"alignnone size-full wp-image-3153\" src=\"http:\/\/simlog.com\/wp-content\/uploads\/2016\/01\/arrow_bulet.gif\" alt=\"arrow_bulet\" \/>\u00a0El equipo simulado se mueve solo (aunque no est\u00e9 usando los controles del simulador).<\/strong><\/p>\n<p>Vuelva a calibrar los controles del simulador siguiendo las instrucciones de instalaci\u00f3n del manual del usuario del programa de simulaci\u00f3n.<\/p>\n<p>En particular, la unidad con dos pedales de los controles r\u00e9plica del <em>Simulador personal de excavadora hidr\u00e1ulica<\/em> se debe recalibrar cada vez que apague y vuelva a encender la computadora. Para obtener m\u00e1s detalles, consulte las instrucciones de instalaci\u00f3n en el manual del usuario de ese producto.<\/p>\n<div id=\"spoon-plugin-kncgbdglledmjmpnikebkagnchfdehbm-2\" style=\"display: none;\"><\/div>\n","protected":false},"excerpt":{"rendered":"<p>En Simlog tenemos la preocupaci\u00f3n de hacer con que nuestros softwares sean f\u00e1ciles de instalar y de usar. Por eso es que cada software tiene su \u201cManual del usuario\u201d accesible desde el men\u00fa \u201cAyuda\u201d. Por lo tanto, consulte el manual del usuario como un primer paso para solucionar un eventual problema. Como un segundo paso, &hellip; <a href=\"https:\/\/www.simlog.com\/es\/soporte\/solucion-problemas\/\">Continued<\/a><\/p>\n","protected":false},"author":1,"featured_media":0,"parent":419,"menu_order":5,"comment_status":"closed","ping_status":"closed","template":"","meta":{"_monsterinsights_skip_tracking":false,"_monsterinsights_sitenote_active":false,"_monsterinsights_sitenote_note":"","_monsterinsights_sitenote_category":0,"footnotes":""},"class_list":["post-421","page","type-page","status-publish","hentry"],"_links":{"self":[{"href":"https:\/\/www.simlog.com\/es\/wp-json\/wp\/v2\/pages\/421","targetHints":{"allow":["GET"]}}],"collection":[{"href":"https:\/\/www.simlog.com\/es\/wp-json\/wp\/v2\/pages"}],"about":[{"href":"https:\/\/www.simlog.com\/es\/wp-json\/wp\/v2\/types\/page"}],"author":[{"embeddable":true,"href":"https:\/\/www.simlog.com\/es\/wp-json\/wp\/v2\/users\/1"}],"replies":[{"embeddable":true,"href":"https:\/\/www.simlog.com\/es\/wp-json\/wp\/v2\/comments?post=421"}],"version-history":[{"count":3,"href":"https:\/\/www.simlog.com\/es\/wp-json\/wp\/v2\/pages\/421\/revisions"}],"predecessor-version":[{"id":7053,"href":"https:\/\/www.simlog.com\/es\/wp-json\/wp\/v2\/pages\/421\/revisions\/7053"}],"up":[{"embeddable":true,"href":"https:\/\/www.simlog.com\/es\/wp-json\/wp\/v2\/pages\/419"}],"wp:attachment":[{"href":"https:\/\/www.simlog.com\/es\/wp-json\/wp\/v2\/media?parent=421"}],"curies":[{"name":"wp","href":"https:\/\/api.w.org\/{rel}","templated":true}]}}