{"id":419,"date":"2016-01-18T20:51:46","date_gmt":"2016-01-18T19:51:46","guid":{"rendered":"http:\/\/simlog.com\/es\/support\/"},"modified":"2021-09-29T10:35:51","modified_gmt":"2021-09-29T14:35:51","slug":"soporte","status":"publish","type":"page","link":"https:\/\/www.simlog.com\/es\/soporte\/","title":{"rendered":"Soporte"},"content":{"rendered":"<h3>Use su PC<\/h3>\n<p>Nuestras exigencias inform\u00e1ticas var\u00edan seg\u00fan el software Simlog. Por tal motivo, si usted contempla la posibilidad de instalar varios Simuladores personales en una misma computadora, es imperativo respetar las m\u00e1s altas <a href=\"http:\/\/simlog.com\/es\/soporte\/use-su-pc\/\">exigencias inform\u00e1ticas<\/a>.<\/p>\n<h3>Paquete con PC para los Simuladores Personales de Simlog<\/h3>\n<p>El <a href=\"http:\/\/simlog.com\/es\/soporte\/paquete-pc\/\">Paquete con PC<\/a> \u00a0cuenta con un PC o laptop comercial (con garant\u00eda extendida), con los requerimientos ideales para los simuladores de Simlog y la licencia del Simulador Personal ya instalada y probada.<\/p>\n<h3><strong data-redactor-tag=\"strong\">Pantallas para los Simuladores personales<\/strong><\/h3>\n<p>Despu\u00e9s de elegir su computadora personal es el momento de pensar en las <a href=\"http:\/\/simlog.com\/es\/soporte\/pantallas\/\">opciones de visualizaci\u00f3n<\/a>.<\/p>\n<h3>Compra de su licencia de software<\/h3>\n<p>En Simlog, comprar la <a href=\"http:\/\/simlog.com\/es\/soporte\/licencias\/\">licencia<\/a> de software quiere decir proveerle una &#8220;Clave de licencia&#8221; para &#8220;desbloquear&#8221; toda la funcionalidad del Modo comercial elegido.<\/p>\n<h3>Solucione problemas durante la instalaci\u00f3n del software<\/h3>\n<p>En caso de tener <a href=\"http:\/\/simlog.com\/es\/soporte\/solucion-problemas\/\">problemas durante la instalaci\u00f3n<\/a> del software, Simlog le propone algunas soluciones.<\/p>\n<h3>Preguntas Frecuentes<\/h3>\n<p><a href=\"http:\/\/simlog.com\/es\/soporte\/preguntas-frequentes\/\" target=\"_blank\" rel=\"noopener\">Aqu\u00ed<\/a> encontrar\u00e1 las preguntas que los visitantes de nuestro sitio Web plantean con m\u00e1s frecuencia, y las respuestas correspondientes<\/p>\n<div id=\"spoon-plugin-kncgbdglledmjmpnikebkagnchfdehbm-2\" style=\"display: none;\"><\/div>\n","protected":false},"excerpt":{"rendered":"<p>Use su PC Nuestras exigencias inform\u00e1ticas var\u00edan seg\u00fan el software Simlog. Por tal motivo, si usted contempla la posibilidad de instalar varios Simuladores personales en una misma computadora, es imperativo respetar las m\u00e1s altas exigencias inform\u00e1ticas. Paquete con PC para los Simuladores Personales de Simlog El Paquete con PC \u00a0cuenta con un PC o laptop &hellip; <a href=\"https:\/\/www.simlog.com\/es\/soporte\/\">Continued<\/a><\/p>\n","protected":false},"author":1,"featured_media":0,"parent":0,"menu_order":40,"comment_status":"closed","ping_status":"closed","template":"","meta":{"_monsterinsights_skip_tracking":false,"_monsterinsights_sitenote_active":false,"_monsterinsights_sitenote_note":"","_monsterinsights_sitenote_category":0,"footnotes":""},"class_list":["post-419","page","type-page","status-publish","hentry"],"_links":{"self":[{"href":"https:\/\/www.simlog.com\/es\/wp-json\/wp\/v2\/pages\/419","targetHints":{"allow":["GET"]}}],"collection":[{"href":"https:\/\/www.simlog.com\/es\/wp-json\/wp\/v2\/pages"}],"about":[{"href":"https:\/\/www.simlog.com\/es\/wp-json\/wp\/v2\/types\/page"}],"author":[{"embeddable":true,"href":"https:\/\/www.simlog.com\/es\/wp-json\/wp\/v2\/users\/1"}],"replies":[{"embeddable":true,"href":"https:\/\/www.simlog.com\/es\/wp-json\/wp\/v2\/comments?post=419"}],"version-history":[{"count":2,"href":"https:\/\/www.simlog.com\/es\/wp-json\/wp\/v2\/pages\/419\/revisions"}],"predecessor-version":[{"id":7044,"href":"https:\/\/www.simlog.com\/es\/wp-json\/wp\/v2\/pages\/419\/revisions\/7044"}],"wp:attachment":[{"href":"https:\/\/www.simlog.com\/es\/wp-json\/wp\/v2\/media?parent=419"}],"curies":[{"name":"wp","href":"https:\/\/api.w.org\/{rel}","templated":true}]}}