{"id":415,"date":"2016-01-18T20:44:31","date_gmt":"2016-01-18T19:44:31","guid":{"rendered":"http:\/\/simlog.com\/es\/why-choose-simlog\/"},"modified":"2021-09-29T10:35:50","modified_gmt":"2021-09-29T14:35:50","slug":"por-que-elegir-simlog","status":"publish","type":"page","link":"https:\/\/www.simlog.com\/es\/por-que-elegir-simlog\/","title":{"rendered":"\u00bfPor qu\u00e9 elegir Simlog?"},"content":{"rendered":"<p><img loading=\"lazy\" decoding=\"async\" class=\"wp-image-6377  alignright\" src=\"https:\/\/www.simlog.com\/wp-content\/uploads\/2020\/10\/img-banniere-03-300x299.png\" alt=\"\" width=\"222\" height=\"221\" \/>En Simlog, cada Simulador Personal est\u00e1 cuidadosamente desarrollado en colaboraci\u00f3n con profesionales de la formaci\u00f3n, fabricantes originales, sus distribuidores y propietarios \/ operadores para garantizar que las tareas simuladas sean las adecuadas y que el trabajo simulado sea medido en la forma correcta. Las siguientes son algunas de las ventajas de elegir nuestros productos.<\/p>\n<ul>\n<li><strong>Dise\u00f1os did\u00e1cticos<\/strong> que tienen en cuenta los est\u00e1ndares de formaci\u00f3n de operadores seg\u00fan lo definido por la Organizaci\u00f3n Internacional de Normalizaci\u00f3n (ISO), La Comisi\u00f3n Nacional (EE.UU.) para la Certificaci\u00f3n de Operadores de gr\u00faas (NCCCO) y el Centro Nacional (EE.UU.) para la educaci\u00f3n y la investigaci\u00f3n (NCCER).<\/li>\n<li><strong>M\u00f3dulos de simulaci\u00f3n<\/strong> que introducen elementos clave uno a la vez, desde la familiarizaci\u00f3n con controles hasta el control completo del equipo simulado.<\/li>\n<li><strong>Indicadores de Desempe\u00f1o<\/strong> Integrales que miden la calidad y la productividad del trabajo realizado.<\/li>\n<li><strong>Seguimiento autom\u00e1tico del rendimiento<\/strong> que permite a los alumnos trabajar a su propio ritmo, sin la necesidad de supervisi\u00f3n del entrenador.<\/li>\n<li>Un <strong>marco de formaci\u00f3n flexible<\/strong>. Los operadores principiantes proceden de un m\u00f3dulo a otro cuando el rendimiento es satisfactorio, pero los operadores experimentados que buscan refrescar o actualizar sus conocimientos pueden ir directamente a los m\u00f3dulos m\u00e1s avanzados. En todos los casos, trabajara con sus propios puntos de referencia de simulaci\u00f3n.<\/li>\n<li><strong>Opciones de configuraci\u00f3n rentables<\/strong>, que van desde el montaje sobremesa hasta las sillas de operador de Simlog.<\/li>\n<li><strong>Controles USB<\/strong> para el simulador, independientes del fabricante, y multi-prop\u00f3sito. En la pr\u00e1ctica, esto significa que las mismas palancas, joysticks, volantes, pedales, etc. pueden utilizarse con muchos productos Simlog.<\/li>\n<li>La compra de una licencia de software significa pagar<strong> una sola tarifa<\/strong>, sin cargos de mantenimiento.<\/li>\n<li>Contamos con productos para <strong>m\u00e1s tipos de equipos pesados<\/strong> que cualquier otra compa\u00f1\u00eda de simulaci\u00f3n en todo el mundo, en el sector forestal, minero, la construcci\u00f3n y manejo de materiales.<\/li>\n<\/ul>\n","protected":false},"excerpt":{"rendered":"<p>En Simlog, cada Simulador Personal est\u00e1 cuidadosamente desarrollado en colaboraci\u00f3n con profesionales de la formaci\u00f3n, fabricantes originales, sus distribuidores y propietarios \/ operadores para garantizar que las tareas simuladas sean las adecuadas y que el trabajo simulado sea medido en la forma correcta. Las siguientes son algunas de las ventajas de elegir nuestros productos. Dise\u00f1os &hellip; <a href=\"https:\/\/www.simlog.com\/es\/por-que-elegir-simlog\/\">Continued<\/a><\/p>\n","protected":false},"author":1,"featured_media":0,"parent":0,"menu_order":32,"comment_status":"closed","ping_status":"closed","template":"","meta":{"_monsterinsights_skip_tracking":false,"_monsterinsights_sitenote_active":false,"_monsterinsights_sitenote_note":"","_monsterinsights_sitenote_category":0,"footnotes":""},"class_list":["post-415","page","type-page","status-publish","hentry"],"_links":{"self":[{"href":"https:\/\/www.simlog.com\/es\/wp-json\/wp\/v2\/pages\/415","targetHints":{"allow":["GET"]}}],"collection":[{"href":"https:\/\/www.simlog.com\/es\/wp-json\/wp\/v2\/pages"}],"about":[{"href":"https:\/\/www.simlog.com\/es\/wp-json\/wp\/v2\/types\/page"}],"author":[{"embeddable":true,"href":"https:\/\/www.simlog.com\/es\/wp-json\/wp\/v2\/users\/1"}],"replies":[{"embeddable":true,"href":"https:\/\/www.simlog.com\/es\/wp-json\/wp\/v2\/comments?post=415"}],"version-history":[{"count":3,"href":"https:\/\/www.simlog.com\/es\/wp-json\/wp\/v2\/pages\/415\/revisions"}],"predecessor-version":[{"id":6385,"href":"https:\/\/www.simlog.com\/es\/wp-json\/wp\/v2\/pages\/415\/revisions\/6385"}],"wp:attachment":[{"href":"https:\/\/www.simlog.com\/es\/wp-json\/wp\/v2\/media?parent=415"}],"curies":[{"name":"wp","href":"https:\/\/api.w.org\/{rel}","templated":true}]}}