{"id":403,"date":"2016-01-28T19:29:03","date_gmt":"2016-01-28T18:29:03","guid":{"rendered":"http:\/\/simlog.com\/es\/making-the-business-case\/industry\/"},"modified":"2021-09-29T10:35:51","modified_gmt":"2021-09-29T14:35:51","slug":"industria","status":"publish","type":"page","link":"https:\/\/www.simlog.com\/es\/industria\/","title":{"rendered":"Industria"},"content":{"rendered":"\n<p>Con Simlog, encontrar\u00e1 que las tareas simuladas son ideales para el aprendizaje, una progresi\u00f3n de tareas correcta y una forma adecuada de evaluar el trabajo simulado; esto gracias a indicadores de rendimiento que miden calidad y productividad.&nbsp;<\/p>\n\n\n\n<p>Nuestro dise\u00f1o instruccional tiene en cuenta las mejores pr\u00e1cticas desarrolladas por profesionales l\u00edderes en capacitaci\u00f3n, as\u00ed como los est\u00e1ndares establecidos por organizaciones como el Centro Nacional para la Educaci\u00f3n e Investigaci\u00f3n en Construcci\u00f3n, NCCER, la Comisi\u00f3n Nacional para la Certificaci\u00f3n de Operadores de Gr\u00faa, NCCO y la Administraci\u00f3n de Salud y Seguridad Ocupacional, OSHA.<\/p>\n","protected":false},"excerpt":{"rendered":"<p>Con Simlog, encontrar\u00e1 que las tareas simuladas son ideales para el aprendizaje, una progresi\u00f3n de tareas correcta y una forma adecuada de evaluar el trabajo simulado; esto gracias a indicadores de rendimiento que miden calidad y productividad.&nbsp; Nuestro dise\u00f1o instruccional tiene en cuenta las mejores pr\u00e1cticas desarrolladas por profesionales l\u00edderes en capacitaci\u00f3n, as\u00ed como los &hellip; <a href=\"https:\/\/www.simlog.com\/es\/industria\/\">Continued<\/a><\/p>\n","protected":false},"author":1,"featured_media":0,"parent":0,"menu_order":23,"comment_status":"closed","ping_status":"closed","template":"template-page-tabs.php","meta":{"_monsterinsights_skip_tracking":false,"_monsterinsights_sitenote_active":false,"_monsterinsights_sitenote_note":"","_monsterinsights_sitenote_category":0,"footnotes":""},"class_list":["post-403","page","type-page","status-publish","hentry"],"_links":{"self":[{"href":"https:\/\/www.simlog.com\/es\/wp-json\/wp\/v2\/pages\/403","targetHints":{"allow":["GET"]}}],"collection":[{"href":"https:\/\/www.simlog.com\/es\/wp-json\/wp\/v2\/pages"}],"about":[{"href":"https:\/\/www.simlog.com\/es\/wp-json\/wp\/v2\/types\/page"}],"author":[{"embeddable":true,"href":"https:\/\/www.simlog.com\/es\/wp-json\/wp\/v2\/users\/1"}],"replies":[{"embeddable":true,"href":"https:\/\/www.simlog.com\/es\/wp-json\/wp\/v2\/comments?post=403"}],"version-history":[{"count":2,"href":"https:\/\/www.simlog.com\/es\/wp-json\/wp\/v2\/pages\/403\/revisions"}],"predecessor-version":[{"id":6216,"href":"https:\/\/www.simlog.com\/es\/wp-json\/wp\/v2\/pages\/403\/revisions\/6216"}],"wp:attachment":[{"href":"https:\/\/www.simlog.com\/es\/wp-json\/wp\/v2\/media?parent=403"}],"curies":[{"name":"wp","href":"https:\/\/api.w.org\/{rel}","templated":true}]}}