{"id":375,"date":"2016-01-25T17:04:05","date_gmt":"2016-01-25T16:04:05","guid":{"rendered":"http:\/\/simlog.com\/es\/managing-simulation-results\/"},"modified":"2021-11-04T13:44:05","modified_gmt":"2021-11-04T17:44:05","slug":"seguimiento-resultados","status":"publish","type":"page","link":"https:\/\/www.simlog.com\/es\/seguimiento-resultados\/","title":{"rendered":"Seguimiento de resultados"},"content":{"rendered":"<p>Todos los Simuladores personales de Simlog guardan los resultados de las pruebas como archivos en su PC.<\/p>\n<p>Al agregar el <strong>Gestor de Simulaci\u00f3n<\/strong> (disponible en franc\u00e9s, ingl\u00e9s y espa\u00f1ol), nuestros productos se ejecutaran en Modo comercial multi-usuario, y los resultados ser\u00e1n guardados en una base de datos Simlog. De esta manera, el trabajo efectuado en los simuladores ser\u00e1 documentado de manera m\u00e1s f\u00e1cil, segura y eficiente.<\/p>\n<p>Basta con una sola licencia del Gestor de Simulaci\u00f3n para recolectar la informaci\u00f3n de todos sus Simuladores personales, siempre y cuando las PC se encuentren en red.<\/p>\n<p><img loading=\"lazy\" decoding=\"async\" class=\"wp-image-7169  aligncenter\" src=\"https:\/\/www.simlog.com\/wp-content\/uploads\/2021\/11\/Simlog-SMR-web-ES-259x300.png\" alt=\"\" width=\"405\" height=\"469\" \/><\/p>\n<h3>Descripci\u00f3n<\/h3>\n<p>Gracias al Gestor de simulaci\u00f3n, puede obtenerse la siguiente funcionalidad:<\/p>\n<ul>\n<li>Crear &#8220;cuentas&#8221; para sus usuarios asign\u00e1ndole a cada uno un nombre de usuario y contrase\u00f1a<\/li>\n<li>Limitar el acceso a los resultados de simulaci\u00f3n en la base de datos. As\u00ed los usuarios de la categor\u00eda &#8220;estudiante&#8221; est\u00e1n limitados a consultar solamente sus propios resultados, mientras que los usuarios de la categor\u00eda &#8220;instructor&#8221; pueden consultar todos los resultados, modificar los campos de usuarios, etc<\/li>\n<li>Agrupar sus usuarios en aulas diferentes. De este modo, el mismo puesto de simulador puede servir para capacitar alumnos diferentes con softwares de simulaci\u00f3n Simlog diferentes<\/li>\n<li>Reunir varios puestos de simuladores Simlog<\/li>\n<li>Guardar los resultados en una sola y \u00fanica base de datos con el nombre de usuario, siempre y cuando las PC se encuentren en red<\/li>\n<\/ul>\n<p><img loading=\"lazy\" decoding=\"async\" width=\"750\" height=\"325\" class=\"size-full wp-image-4362 aligncenter\" src=\"http:\/\/www.simlog.com\/wp-content\/uploads\/2016\/01\/ethernet-es.jpg\" alt=\"\" \/><\/p>\n<p>Simlog le ofrece tambi\u00e9n un <strong>\u201cVisor\u201d gratis<\/strong> para que se puedan monitorear los resultados de simulaci\u00f3n de manera remota. Esto requiere crear una copia local de la base de datos.<\/p>\n<h3>Porque Usar el Gestor de Simulaci\u00f3n<\/h3>\n<p>En el siguiente cuadro, se resumen las ventajas del nuevo Gestor de simulaci\u00f3n y el modo multiusuario de los simuladores personales:<\/p>\n<table border=\"1\" cellspacing=\"0\" cellpadding=\"10\">\n<tbody>\n<tr>\n<th style=\"text-align: center;\" align=\"center\">Con Gestor de simulaci\u00f3n \/<br \/>\nSimulador Personal en modo multiusuario<\/th>\n<th style=\"text-align: center;\" align=\"center\">Sin Gestor de simulaci\u00f3n \/<br \/>\nSimulador Personal en modo usuario \u00fanico<\/th>\n<\/tr>\n<tr>\n<td align=\"center\">El simulador reconoce al usuario gracias al nombre de usuario y contrase\u00f1a.<\/td>\n<td align=\"center\">El simulador no conoce la identidad del usuario.<\/td>\n<\/tr>\n<tr>\n<td align=\"center\">Los resultados de cada &#8220;sesi\u00f3n&#8221; de simulaci\u00f3n se guardan en la base de datos de Simlog, seg\u00fan el usuario.<\/td>\n<td align=\"center\">Los resultados de cada &#8220;sesi\u00f3n&#8221; de simulaci\u00f3n se guardan en un archivo identificado por fecha y hora.<\/td>\n<\/tr>\n<tr>\n<td align=\"center\">El informe incluye el tiempo total de entrenamiento y el n\u00famero total de pruebas para cada m\u00f3dulo de simulaci\u00f3n (todas las sesiones de simulaci\u00f3n), y el tiempo total de entrenamiento y el n\u00famero total de pruebas para cada Simulador personal (todos los m\u00f3dulos de simulaci\u00f3n).<\/td>\n<td align=\"center\">No existe tal informe.<\/td>\n<\/tr>\n<tr>\n<td align=\"center\">Monitorear los resultados de simulaci\u00f3n fuera de las instalaciones es f\u00e1cil. Simplemente obtenga un solo archivo de la base de datos y utilizando el visor navegue la base de datos.<\/td>\n<td align=\"center\">Monitorear los resultados de simulaci\u00f3n fuera de las instalaciones es dif\u00edcil. Deber\u00e1 obtener todos los archivos de resultados y cada uno debe verse individualmente en un navegador.<\/td>\n<\/tr>\n<tr>\n<td align=\"center\">Los usuarios s\u00f3lo pueden consultar sus propios resultados en la base de datos Simlog.<br \/>\nEl equipo de capacitaci\u00f3n puede consultar todos los resultados<\/td>\n<td align=\"center\">Todo el mundo puede consultar todos los resultados<\/td>\n<\/tr>\n<tr>\n<td align=\"center\">S\u00f3lo los usuarios autorizados pueden trabajar en simulador.<\/td>\n<td align=\"center\">Todo el mundo puede trabajar en simulador.<\/td>\n<\/tr>\n<\/tbody>\n<\/table>\n<h3><\/h3>\n<p><a target=\"_blank\" href=\"http:\/\/www.simlog.com\/wp-content\/uploads\/2016\/01\/SMR-flyer-e.pdf\" rel=\"noopener\"><img loading=\"lazy\" decoding=\"async\" class=\"alignnone wp-image-3591 size-full\" src=\"http:\/\/www.simlog.com\/wp-content\/uploads\/2016\/12\/folleto.png\" alt=\"folleto\" width=\"74\" height=\"25\" \/><\/a><\/p>\n<p><a target=\"_blank\" href=\"http:\/\/www.simlog.com\/es\/contacto\/\" rel=\"noopener\"><img loading=\"lazy\" decoding=\"async\" class=\"aligncenter wp-image-3593 size-full\" src=\"http:\/\/www.simlog.com\/wp-content\/uploads\/2016\/12\/solicitar-mas-informacion.png\" alt=\"solicitar-mas-informacion\" width=\"237\" height=\"54\" \/><\/a><\/p>\n<div id=\"spoon-plugin-kncgbdglledmjmpnikebkagnchfdehbm-2\" style=\"display: none;\"><\/div>\n","protected":false},"excerpt":{"rendered":"<p>Todos los Simuladores personales de Simlog guardan los resultados de las pruebas como archivos en su PC. Al agregar el Gestor de Simulaci\u00f3n (disponible en franc\u00e9s, ingl\u00e9s y espa\u00f1ol), nuestros productos se ejecutaran en Modo comercial multi-usuario, y los resultados ser\u00e1n guardados en una base de datos Simlog. De esta manera, el trabajo efectuado en &hellip; <a href=\"https:\/\/www.simlog.com\/es\/seguimiento-resultados\/\">Continued<\/a><\/p>\n","protected":false},"author":6,"featured_media":0,"parent":0,"menu_order":7,"comment_status":"closed","ping_status":"closed","template":"","meta":{"_monsterinsights_skip_tracking":false,"_monsterinsights_sitenote_active":false,"_monsterinsights_sitenote_note":"","_monsterinsights_sitenote_category":0,"footnotes":""},"class_list":["post-375","page","type-page","status-publish","hentry"],"_links":{"self":[{"href":"https:\/\/www.simlog.com\/es\/wp-json\/wp\/v2\/pages\/375","targetHints":{"allow":["GET"]}}],"collection":[{"href":"https:\/\/www.simlog.com\/es\/wp-json\/wp\/v2\/pages"}],"about":[{"href":"https:\/\/www.simlog.com\/es\/wp-json\/wp\/v2\/types\/page"}],"author":[{"embeddable":true,"href":"https:\/\/www.simlog.com\/es\/wp-json\/wp\/v2\/users\/6"}],"replies":[{"embeddable":true,"href":"https:\/\/www.simlog.com\/es\/wp-json\/wp\/v2\/comments?post=375"}],"version-history":[{"count":7,"href":"https:\/\/www.simlog.com\/es\/wp-json\/wp\/v2\/pages\/375\/revisions"}],"predecessor-version":[{"id":7172,"href":"https:\/\/www.simlog.com\/es\/wp-json\/wp\/v2\/pages\/375\/revisions\/7172"}],"wp:attachment":[{"href":"https:\/\/www.simlog.com\/es\/wp-json\/wp\/v2\/media?parent=375"}],"curies":[{"name":"wp","href":"https:\/\/api.w.org\/{rel}","templated":true}]}}