{"id":2505,"date":"2016-10-24T14:58:32","date_gmt":"2016-10-24T18:58:32","guid":{"rendered":"http:\/\/simlog.com\/es\/?page_id=2505"},"modified":"2023-09-07T13:12:52","modified_gmt":"2023-09-07T17:12:52","slug":"visita-virtual-de-simlog","status":"publish","type":"page","link":"https:\/\/www.simlog.com\/es\/visita-virtual-de-simlog\/","title":{"rendered":"Nueva Visita Virtual de Simlog"},"content":{"rendered":"<p>Despu\u00e9s de navegar el sitio web de Simlog, leer la informaci\u00f3n, ver los videos y las fotos, visitar Simlog o a uno de sus distribuidores es a menudo el paso l\u00f3gico a seguir. Sin embargo, viajar es costoso, toma tiempo y puede ser dif\u00edcil de programar, especialmente si hay muchas personas involucradas.<\/p>\n<p>\u00a1Simlog presenta su nueva <strong>Visita Virtual<\/strong> a trav\u00e9s de videoconferencia!<\/p>\n<p>Contamos con una serie de c\u00e1maras de alta definici\u00f3n para presentar:<\/p>\n<ul>\n<li>El anfitri\u00f3n<\/li>\n<li>Captura de pantalla del escritorio de Windows de nuestro PC<\/li>\n<li>Detalles de los controles del simulador<\/li>\n<li>Una visi\u00f3n general de la configuraci\u00f3n completa del simulador<\/li>\n<\/ul>\n<p>Por su parte, solo necesita un computador equipado con una webcam, y conexi\u00f3n a Internet.<br \/>\nPara empezar, tendr\u00e1 que descargar e instalar un peque\u00f1o programa para habilitar un servicio de Internet privado. (A modo de comparaci\u00f3n, &#8220;Skype&#8221; y &#8220;Facetime&#8221; dependen de los servicios p\u00fablicos de Internet que no proporcionan la calidad de transmisi\u00f3n necesaria para nuestra visita virtual).<\/p>\n<p>Durante la Visita Virtual, transmitiremos diferentes combinaciones de los cuatro puntos de vista en una sola ventana para que pueda ver y o\u00edr todo y hacer preguntas \u00a1sin salir de su oficina!<br \/>\nPara programar su visita virtual, por favor, p\u00f3ngase en <a target=\"_blank\" href=\"http:\/\/simlog.com\/es\/contacto\/\" rel=\"noopener\">contacto con Simlog<\/a>.<\/p>\n","protected":false},"excerpt":{"rendered":"<p>Despu\u00e9s de navegar el sitio web de Simlog, leer la informaci\u00f3n, ver los videos y las fotos, visitar Simlog o a uno de sus distribuidores es a menudo el paso l\u00f3gico a seguir. Sin embargo, viajar es costoso, toma tiempo y puede ser dif\u00edcil de programar, especialmente si hay muchas personas involucradas. \u00a1Simlog presenta su &hellip; <a href=\"https:\/\/www.simlog.com\/es\/visita-virtual-de-simlog\/\">Continued<\/a><\/p>\n","protected":false},"author":5,"featured_media":0,"parent":0,"menu_order":6,"comment_status":"closed","ping_status":"closed","template":"","meta":{"_monsterinsights_skip_tracking":false,"_monsterinsights_sitenote_active":false,"_monsterinsights_sitenote_note":"","_monsterinsights_sitenote_category":0,"footnotes":""},"class_list":["post-2505","page","type-page","status-publish","hentry"],"_links":{"self":[{"href":"https:\/\/www.simlog.com\/es\/wp-json\/wp\/v2\/pages\/2505","targetHints":{"allow":["GET"]}}],"collection":[{"href":"https:\/\/www.simlog.com\/es\/wp-json\/wp\/v2\/pages"}],"about":[{"href":"https:\/\/www.simlog.com\/es\/wp-json\/wp\/v2\/types\/page"}],"author":[{"embeddable":true,"href":"https:\/\/www.simlog.com\/es\/wp-json\/wp\/v2\/users\/5"}],"replies":[{"embeddable":true,"href":"https:\/\/www.simlog.com\/es\/wp-json\/wp\/v2\/comments?post=2505"}],"version-history":[{"count":6,"href":"https:\/\/www.simlog.com\/es\/wp-json\/wp\/v2\/pages\/2505\/revisions"}],"predecessor-version":[{"id":7199,"href":"https:\/\/www.simlog.com\/es\/wp-json\/wp\/v2\/pages\/2505\/revisions\/7199"}],"wp:attachment":[{"href":"https:\/\/www.simlog.com\/es\/wp-json\/wp\/v2\/media?parent=2505"}],"curies":[{"name":"wp","href":"https:\/\/api.w.org\/{rel}","templated":true}]}}